{"id":994,"date":"2025-01-10T17:27:37","date_gmt":"2025-01-10T16:27:37","guid":{"rendered":"https:\/\/indie.rent\/catalogue\/produit\/portants-charges-lourdes\/"},"modified":"2026-04-15T10:46:36","modified_gmt":"2026-04-15T08:46:36","slug":"portants-charges-lourdes","status":"publish","type":"product","link":"https:\/\/indie.rent\/catalogue\/produit\/portants-charges-lourdes\/","title":{"rendered":"Portants Charges Lourdes"},"content":{"rendered":"<p>Des portants charges lourdes sont disponibles \u00e0 la location chez nous !<br \/>Id\u00e9aux pour l&#8217;organisation d&#8217;un HMC sur un film d&#8217;\u00e9poque.<\/p>\n","protected":false},"excerpt":{"rendered":"<p>Des portants charges lourdes sont disponibles \u00e0 la location chez nous !Id\u00e9aux pour l&#8217;organisation d&#8217;un HMC sur un film d&#8217;\u00e9poque.<\/p>\n","protected":false},"featured_media":2540,"template":"","meta":{"inline_featured_image":false},"product_brand":[],"product_cat":[2150],"product_tag":[],"class_list":{"0":"post-994","1":"product","2":"type-product","3":"status-publish","4":"has-post-thumbnail","6":"product_cat-loge","8":"first","9":"instock","10":"taxable","11":"shipping-taxable","12":"purchasable","13":"product-type-rentable"},"acf":[],"_links":{"self":[{"href":"https:\/\/indie.rent\/catalogue\/wp-json\/wp\/v2\/product\/994","targetHints":{"allow":["GET"]}}],"collection":[{"href":"https:\/\/indie.rent\/catalogue\/wp-json\/wp\/v2\/product"}],"about":[{"href":"https:\/\/indie.rent\/catalogue\/wp-json\/wp\/v2\/types\/product"}],"version-history":[{"count":0,"href":"https:\/\/indie.rent\/catalogue\/wp-json\/wp\/v2\/product\/994\/revisions"}],"wp:featuredmedia":[{"embeddable":true,"href":"https:\/\/indie.rent\/catalogue\/wp-json\/wp\/v2\/media\/2540"}],"wp:attachment":[{"href":"https:\/\/indie.rent\/catalogue\/wp-json\/wp\/v2\/media?parent=994"}],"wp:term":[{"taxonomy":"product_brand","embeddable":true,"href":"https:\/\/indie.rent\/catalogue\/wp-json\/wp\/v2\/product_brand?post=994"},{"taxonomy":"product_cat","embeddable":true,"href":"https:\/\/indie.rent\/catalogue\/wp-json\/wp\/v2\/product_cat?post=994"},{"taxonomy":"product_tag","embeddable":true,"href":"https:\/\/indie.rent\/catalogue\/wp-json\/wp\/v2\/product_tag?post=994"}],"curies":[{"name":"wp","href":"https:\/\/api.w.org\/{rel}","templated":true}]}}