{"id":993,"date":"2025-01-10T17:27:36","date_gmt":"2025-01-10T16:27:36","guid":{"rendered":"https:\/\/indie.rent\/catalogue\/produit\/seche-cheveux-babyliss\/"},"modified":"2026-04-15T10:45:17","modified_gmt":"2026-04-15T08:45:17","slug":"seche-cheveux-babyliss","status":"publish","type":"product","link":"https:\/\/indie.rent\/catalogue\/produit\/seche-cheveux-babyliss\/","title":{"rendered":"S\u00e8che-cheveux &#8211; Babyliss"},"content":{"rendered":"<p>Des s\u00e8ches-cheveux Babyliss sont disponibles \u00e0 la location chez nous ! <\/p>\n<p>Caract\u00e9ristiques : <br \/>2 vitesses &#8211; 2 temp\u00e9ratures<br \/>Puissance : 2000 W<br \/>Poids : ultra l\u00e9ger (450g)<\/p>\n","protected":false},"excerpt":{"rendered":"<p>Des s\u00e8ches-cheveux Babyliss sont disponibles \u00e0 la location chez nous ! Caract\u00e9ristiques : 2 vitesses &#8211; 2 temp\u00e9raturesPuissance : 2000 WPoids : ultra l\u00e9ger (450g)<\/p>\n","protected":false},"featured_media":2532,"template":"","meta":{"inline_featured_image":false},"product_brand":[],"product_cat":[2150],"product_tag":[],"class_list":{"0":"post-993","1":"product","2":"type-product","3":"status-publish","4":"has-post-thumbnail","6":"product_cat-loge","8":"first","9":"instock","10":"taxable","11":"shipping-taxable","12":"purchasable","13":"product-type-rentable"},"acf":[],"_links":{"self":[{"href":"https:\/\/indie.rent\/catalogue\/wp-json\/wp\/v2\/product\/993","targetHints":{"allow":["GET"]}}],"collection":[{"href":"https:\/\/indie.rent\/catalogue\/wp-json\/wp\/v2\/product"}],"about":[{"href":"https:\/\/indie.rent\/catalogue\/wp-json\/wp\/v2\/types\/product"}],"version-history":[{"count":0,"href":"https:\/\/indie.rent\/catalogue\/wp-json\/wp\/v2\/product\/993\/revisions"}],"wp:featuredmedia":[{"embeddable":true,"href":"https:\/\/indie.rent\/catalogue\/wp-json\/wp\/v2\/media\/2532"}],"wp:attachment":[{"href":"https:\/\/indie.rent\/catalogue\/wp-json\/wp\/v2\/media?parent=993"}],"wp:term":[{"taxonomy":"product_brand","embeddable":true,"href":"https:\/\/indie.rent\/catalogue\/wp-json\/wp\/v2\/product_brand?post=993"},{"taxonomy":"product_cat","embeddable":true,"href":"https:\/\/indie.rent\/catalogue\/wp-json\/wp\/v2\/product_cat?post=993"},{"taxonomy":"product_tag","embeddable":true,"href":"https:\/\/indie.rent\/catalogue\/wp-json\/wp\/v2\/product_tag?post=993"}],"curies":[{"name":"wp","href":"https:\/\/api.w.org\/{rel}","templated":true}]}}