{"id":991,"date":"2025-01-10T17:27:36","date_gmt":"2025-01-10T16:27:36","guid":{"rendered":"https:\/\/indie.rent\/catalogue\/produit\/boite-a-the\/"},"modified":"2026-04-13T18:49:29","modified_gmt":"2026-04-13T16:49:29","slug":"boite-a-the","status":"publish","type":"product","link":"https:\/\/indie.rent\/catalogue\/produit\/boite-a-the\/","title":{"rendered":"Bo\u00eete \u00e0 th\u00e9"},"content":{"rendered":"<p>Bo\u00eete en plastique transparente pour facilit\u00e9 le rangement du th\u00e9.<\/p>\n","protected":false},"excerpt":{"rendered":"<p>Bo\u00eete en plastique transparente pour facilit\u00e9 le rangement du th\u00e9.<\/p>\n","protected":false},"featured_media":2508,"template":"","meta":{"inline_featured_image":false},"product_brand":[],"product_cat":[2145],"product_tag":[],"class_list":{"0":"post-991","1":"product","2":"type-product","3":"status-publish","4":"has-post-thumbnail","6":"product_cat-service","8":"first","9":"instock","10":"taxable","11":"shipping-taxable","12":"purchasable","13":"product-type-rentable"},"acf":[],"_links":{"self":[{"href":"https:\/\/indie.rent\/catalogue\/wp-json\/wp\/v2\/product\/991","targetHints":{"allow":["GET"]}}],"collection":[{"href":"https:\/\/indie.rent\/catalogue\/wp-json\/wp\/v2\/product"}],"about":[{"href":"https:\/\/indie.rent\/catalogue\/wp-json\/wp\/v2\/types\/product"}],"version-history":[{"count":0,"href":"https:\/\/indie.rent\/catalogue\/wp-json\/wp\/v2\/product\/991\/revisions"}],"wp:featuredmedia":[{"embeddable":true,"href":"https:\/\/indie.rent\/catalogue\/wp-json\/wp\/v2\/media\/2508"}],"wp:attachment":[{"href":"https:\/\/indie.rent\/catalogue\/wp-json\/wp\/v2\/media?parent=991"}],"wp:term":[{"taxonomy":"product_brand","embeddable":true,"href":"https:\/\/indie.rent\/catalogue\/wp-json\/wp\/v2\/product_brand?post=991"},{"taxonomy":"product_cat","embeddable":true,"href":"https:\/\/indie.rent\/catalogue\/wp-json\/wp\/v2\/product_cat?post=991"},{"taxonomy":"product_tag","embeddable":true,"href":"https:\/\/indie.rent\/catalogue\/wp-json\/wp\/v2\/product_tag?post=991"}],"curies":[{"name":"wp","href":"https:\/\/api.w.org\/{rel}","templated":true}]}}