{"id":990,"date":"2025-01-10T17:27:35","date_gmt":"2025-01-10T16:27:35","guid":{"rendered":"https:\/\/indie.rent\/catalogue\/produit\/glaciere-rigide-13l-s\/"},"modified":"2026-04-15T10:43:52","modified_gmt":"2026-04-15T08:43:52","slug":"glaciere-rigide-dometic-jaune-13l-s","status":"publish","type":"product","link":"https:\/\/indie.rent\/catalogue\/produit\/glaciere-rigide-dometic-jaune-13l-s\/","title":{"rendered":"Glaci\u00e8re Rigide Dometic Jaune 13L &#8211; S"},"content":{"rendered":"<p>Cette glaci\u00e8re tr\u00e8s efficace et extr\u00eamement l\u00e9g\u00e8re garde la glace congel\u00e9e pendant plusieurs jours. Il est constitu\u00e9 d&#8217;une mousse isolante \u00e9paisse et est \u00e9quip\u00e9 d&#8217;un joint labyrinthe. Emportez des boissons glac\u00e9es partout o\u00f9 vous allez !<\/p>\n<p>Excellente \u00e9tanch\u00e9it\u00e9<br \/>Temp\u00e9ratures ext\u00e9rieures \u00e9lev\u00e9es, terrain accident\u00e9, poussi\u00e8re et boue ? Les glaci\u00e8res Dometic sont pr\u00eates \u00e0 l&#8217;emploi. Les glaci\u00e8res Cool Ice sont \u00e9quip\u00e9es d&#8217;une isolation extr\u00eamement efficace et gardent les aliments, les poissons, les poissons app\u00e2ts et le gibier frais \u00e0 l&#8217;aide de Coolpacks ou de gla\u00e7ons. Selon l&#8217;utilisation et les conditions m\u00e9t\u00e9orologiques, le contenu de la bo\u00eete peut m\u00eame rester frais pendant plusieurs jours ! Chaque d\u00e9tail des bo\u00eetes en plastique tr\u00e8s r\u00e9sistantes aux chocs est moul\u00e9 sans soudure pour les applications les plus difficiles. Gr\u00e2ce \u00e0 son isolation en mousse solide et \u00e9paisse et \u00e0 son joint labyrinthe unique, la conception fiable de ce refroidisseur permet \u00e0 l&#8217;air \u00e0 l&#8217;int\u00e9rieur de rester froid plus longtemps. Cela signifie que leurs gla\u00e7ons durent beaucoup plus longtemps malgr\u00e9 des temp\u00e9ratures ext\u00e9rieures extr\u00eames.<\/p>\n<p>De la glace gel\u00e9e pendant des jours et des jours<br \/>Les glaci\u00e8res Dometic Cool-Ice comme la Dometic Cool-Ice WCI 13 sont id\u00e9ales dans tous les cas o\u00f9 elles doivent se passer d&#8217;une source d&#8217;\u00e9nergie. Cela permet de garder votre glace gel\u00e9e pendant des jours &#8211; jusqu&#8217;\u00e0 dix jours, selon le mod\u00e8le et les conditions. Ces glaci\u00e8res robustes sont id\u00e9ales pour une utilisation dans des conditions m\u00e9t\u00e9orologiques continues, en particulier sur les bateaux. L&#8217;isolation en mousse \u00e9paisse et la conception du joint labyrinthe aident \u00e0 garder la glace gel\u00e9e plus longtemps. Gr\u00e2ce \u00e0 la forme en rotation, il n&#8217;y a pas de coutures par lesquelles la chaleur pourrait p\u00e9n\u00e9trer ou le froid pourrait s&#8217;\u00e9chapper ! Les glaci\u00e8res sont \u00e9galement extr\u00eamement r\u00e9sistantes, durables et faciles \u00e0 nettoyer. Ce mod\u00e8le plus petit de glaci\u00e8re est \u00e9quip\u00e9 d&#8217;une sangle de transport pratique pour un transport sans effort.<\/p>\n<p>Conseils d&#8217;application<br \/>Stockez les glaci\u00e8res Dometic dans un endroit frais et \u00e0 l&#8217;abri de la lumi\u00e8re directe du soleil pendant plusieurs heures si possible avant de les utiliser. En cas de remplissage avec des boissons ou de la nourriture, nous recommandons de refroidir les \u00e9l\u00e9ments \u00e0 l&#8217;avance. Les batteries de refroidissement standard ou les gla\u00e7ons conviennent tout aussi bien que les liquides de refroidissement. L&#8217;air alt\u00e8re la capacit\u00e9 de refroidissement et raccourcit le temps de refroidissement. \u00c9vitez d&#8217;ouvrir inutilement les bo\u00eetes et chargez-les aussi pleines que possible.<\/p>\n","protected":false},"excerpt":{"rendered":"<p>Cette glaci\u00e8re tr\u00e8s efficace et extr\u00eamement l\u00e9g\u00e8re garde la glace congel\u00e9e pendant plusieurs jours. Il est constitu\u00e9 d&#8217;une mousse isolante \u00e9paisse et est \u00e9quip\u00e9 d&#8217;un joint labyrinthe. Emportez des boissons glac\u00e9es partout o\u00f9 vous allez ! Excellente \u00e9tanch\u00e9it\u00e9Temp\u00e9ratures ext\u00e9rieures \u00e9lev\u00e9es, terrain accident\u00e9, poussi\u00e8re et boue ? Les glaci\u00e8res Dometic sont pr\u00eates \u00e0 l&#8217;emploi. Les glaci\u00e8res [&hellip;]<\/p>\n","protected":false},"featured_media":2505,"template":"","meta":{"inline_featured_image":false},"product_brand":[],"product_cat":[2147],"product_tag":[],"class_list":{"0":"post-990","1":"product","2":"type-product","3":"status-publish","4":"has-post-thumbnail","6":"product_cat-conservation","8":"first","9":"instock","10":"taxable","11":"shipping-taxable","12":"purchasable","13":"product-type-rentable"},"acf":[],"_links":{"self":[{"href":"https:\/\/indie.rent\/catalogue\/wp-json\/wp\/v2\/product\/990","targetHints":{"allow":["GET"]}}],"collection":[{"href":"https:\/\/indie.rent\/catalogue\/wp-json\/wp\/v2\/product"}],"about":[{"href":"https:\/\/indie.rent\/catalogue\/wp-json\/wp\/v2\/types\/product"}],"version-history":[{"count":0,"href":"https:\/\/indie.rent\/catalogue\/wp-json\/wp\/v2\/product\/990\/revisions"}],"wp:featuredmedia":[{"embeddable":true,"href":"https:\/\/indie.rent\/catalogue\/wp-json\/wp\/v2\/media\/2505"}],"wp:attachment":[{"href":"https:\/\/indie.rent\/catalogue\/wp-json\/wp\/v2\/media?parent=990"}],"wp:term":[{"taxonomy":"product_brand","embeddable":true,"href":"https:\/\/indie.rent\/catalogue\/wp-json\/wp\/v2\/product_brand?post=990"},{"taxonomy":"product_cat","embeddable":true,"href":"https:\/\/indie.rent\/catalogue\/wp-json\/wp\/v2\/product_cat?post=990"},{"taxonomy":"product_tag","embeddable":true,"href":"https:\/\/indie.rent\/catalogue\/wp-json\/wp\/v2\/product_tag?post=990"}],"curies":[{"name":"wp","href":"https:\/\/api.w.org\/{rel}","templated":true}]}}