{"id":987,"date":"2025-01-10T17:27:34","date_gmt":"2025-01-10T16:27:34","guid":{"rendered":"https:\/\/indie.rent\/catalogue\/produit\/porte-cintres\/"},"modified":"2026-04-15T10:36:16","modified_gmt":"2026-04-15T08:36:16","slug":"porte-cintres","status":"publish","type":"product","link":"https:\/\/indie.rent\/catalogue\/produit\/porte-cintres\/","title":{"rendered":"Porte cintres"},"content":{"rendered":"<p>Des ranges-cintres sont disponibles \u00e0 la location chez nous ! <\/p>\n<p>Caract\u00e9ristiques : <br \/>Dimensions (LxPxH) : 24cm x 30cm x 82.5cm<\/p>\n<p>Le range cintre est un accessoire indispensable pour votre HMC notamment lorsque vous devez manipuler des cintres \u00e0 longueur de journ\u00e9e, cela \u00e9vitera d&#8217;avoir des cintres qui trainent de fa\u00e7on d\u00e9sorganis\u00e9e.<\/p>\n<p>Peut contenir jusqu&#8217;\u00e0 60 cintres.<\/p>\n","protected":false},"excerpt":{"rendered":"<p>Des ranges-cintres sont disponibles \u00e0 la location chez nous ! Caract\u00e9ristiques : Dimensions (LxPxH) : 24cm x 30cm x 82.5cm Le range cintre est un accessoire indispensable pour votre HMC notamment lorsque vous devez manipuler des cintres \u00e0 longueur de journ\u00e9e, cela \u00e9vitera d&#8217;avoir des cintres qui trainent de fa\u00e7on d\u00e9sorganis\u00e9e. Peut contenir jusqu&#8217;\u00e0 60 [&hellip;]<\/p>\n","protected":false},"featured_media":2417,"template":"","meta":{"inline_featured_image":false},"product_brand":[],"product_cat":[2150],"product_tag":[],"class_list":{"0":"post-987","1":"product","2":"type-product","3":"status-publish","4":"has-post-thumbnail","6":"product_cat-loge","8":"first","9":"instock","10":"taxable","11":"shipping-taxable","12":"purchasable","13":"product-type-rentable"},"acf":[],"_links":{"self":[{"href":"https:\/\/indie.rent\/catalogue\/wp-json\/wp\/v2\/product\/987","targetHints":{"allow":["GET"]}}],"collection":[{"href":"https:\/\/indie.rent\/catalogue\/wp-json\/wp\/v2\/product"}],"about":[{"href":"https:\/\/indie.rent\/catalogue\/wp-json\/wp\/v2\/types\/product"}],"version-history":[{"count":0,"href":"https:\/\/indie.rent\/catalogue\/wp-json\/wp\/v2\/product\/987\/revisions"}],"wp:featuredmedia":[{"embeddable":true,"href":"https:\/\/indie.rent\/catalogue\/wp-json\/wp\/v2\/media\/2417"}],"wp:attachment":[{"href":"https:\/\/indie.rent\/catalogue\/wp-json\/wp\/v2\/media?parent=987"}],"wp:term":[{"taxonomy":"product_brand","embeddable":true,"href":"https:\/\/indie.rent\/catalogue\/wp-json\/wp\/v2\/product_brand?post=987"},{"taxonomy":"product_cat","embeddable":true,"href":"https:\/\/indie.rent\/catalogue\/wp-json\/wp\/v2\/product_cat?post=987"},{"taxonomy":"product_tag","embeddable":true,"href":"https:\/\/indie.rent\/catalogue\/wp-json\/wp\/v2\/product_tag?post=987"}],"curies":[{"name":"wp","href":"https:\/\/api.w.org\/{rel}","templated":true}]}}