{"id":986,"date":"2025-01-10T17:27:34","date_gmt":"2025-01-10T16:27:34","guid":{"rendered":"https:\/\/indie.rent\/catalogue\/produit\/petite-table-de-regie-blanche-pliante\/"},"modified":"2026-04-16T18:00:12","modified_gmt":"2026-04-16T16:00:12","slug":"petite-table-de-regie-blanche-pliante","status":"publish","type":"product","link":"https:\/\/indie.rent\/catalogue\/produit\/petite-table-de-regie-blanche-pliante\/","title":{"rendered":"Petite table de r\u00e9gie blanche pliante"},"content":{"rendered":"<p>Petite table blanche de r\u00e9gie pliante et r\u00e9haussable. <br \/>Cette petite table r\u00e9siste aux t\u00e2ches et aux intemp\u00e9ries. <br \/>Avec son traitement anti-UV et anti-d\u00e9coloration, elle garde son \u00e9clat apr\u00e8s un simple nettoyage. <br \/>Tr\u00e8s l\u00e9g\u00e8re, elle se transporte tr\u00e8s facilement gr\u00e2ce \u00e0 sa poign\u00e9e en silicone<br \/>Peu servir de table basse comme de table classique. <\/p>\n<p>Id\u00e9al pour les loges ou pour les lieux de tournages o\u00f9 l\u2019espace est restreint. <\/p>\n<p>Dimensions L x P x H : 122 x 61 x 74 cm<br \/>Epaisseur 3.8cm<\/p>\n","protected":false},"excerpt":{"rendered":"<p>Petite table blanche de r\u00e9gie pliante et r\u00e9haussable. Cette petite table r\u00e9siste aux t\u00e2ches et aux intemp\u00e9ries. Avec son traitement anti-UV et anti-d\u00e9coloration, elle garde son \u00e9clat apr\u00e8s un simple nettoyage. Tr\u00e8s l\u00e9g\u00e8re, elle se transporte tr\u00e8s facilement gr\u00e2ce \u00e0 sa poign\u00e9e en siliconePeu servir de table basse comme de table classique. Id\u00e9al pour les [&hellip;]<\/p>\n","protected":false},"featured_media":2416,"template":"","meta":{"inline_featured_image":false},"product_brand":[],"product_cat":[2136],"product_tag":[],"class_list":{"0":"post-986","1":"product","2":"type-product","3":"status-publish","4":"has-post-thumbnail","6":"product_cat-tables","8":"first","9":"instock","10":"taxable","11":"shipping-taxable","12":"purchasable","13":"product-type-rentable"},"acf":[],"_links":{"self":[{"href":"https:\/\/indie.rent\/catalogue\/wp-json\/wp\/v2\/product\/986","targetHints":{"allow":["GET"]}}],"collection":[{"href":"https:\/\/indie.rent\/catalogue\/wp-json\/wp\/v2\/product"}],"about":[{"href":"https:\/\/indie.rent\/catalogue\/wp-json\/wp\/v2\/types\/product"}],"version-history":[{"count":0,"href":"https:\/\/indie.rent\/catalogue\/wp-json\/wp\/v2\/product\/986\/revisions"}],"wp:featuredmedia":[{"embeddable":true,"href":"https:\/\/indie.rent\/catalogue\/wp-json\/wp\/v2\/media\/2416"}],"wp:attachment":[{"href":"https:\/\/indie.rent\/catalogue\/wp-json\/wp\/v2\/media?parent=986"}],"wp:term":[{"taxonomy":"product_brand","embeddable":true,"href":"https:\/\/indie.rent\/catalogue\/wp-json\/wp\/v2\/product_brand?post=986"},{"taxonomy":"product_cat","embeddable":true,"href":"https:\/\/indie.rent\/catalogue\/wp-json\/wp\/v2\/product_cat?post=986"},{"taxonomy":"product_tag","embeddable":true,"href":"https:\/\/indie.rent\/catalogue\/wp-json\/wp\/v2\/product_tag?post=986"}],"curies":[{"name":"wp","href":"https:\/\/api.w.org\/{rel}","templated":true}]}}