{"id":984,"date":"2025-01-10T17:27:33","date_gmt":"2025-01-10T16:27:33","guid":{"rendered":"https:\/\/indie.rent\/catalogue\/produit\/junior-pipe-clamp-c100\/"},"modified":"2026-04-13T18:42:28","modified_gmt":"2026-04-13T16:42:28","slug":"junior-pipe-clamp-c100","status":"publish","type":"product","link":"https:\/\/indie.rent\/catalogue\/produit\/junior-pipe-clamp-c100\/","title":{"rendered":"Junior Pipe Clamp &#8211; C100"},"content":{"rendered":"<p>Cette pince junior pour tube est compatible avec les tubes de diam\u00e8tre compris entre 20 et 55 mm. Elle est \u00e9quip\u00e9e d\u2019une fixation femelle de 11\/8&#8221; (28 mm) et d\u2019un verrouillage avec c\u00e2ble de s\u00e9curit\u00e9. La pince peut supporter une charge maximale de 250 kg. Elle est fabriqu\u00e9e \u00e0 partir d\u2019aluminium moul\u00e9 en coquille gravit\u00e9, ce qui la rend extr\u00eamement durable et r\u00e9sistante. Id\u00e9ale pour supporter des gros \u00e9clairages, elle poss\u00e8de une poign\u00e9e pour un verrouillage simple.<\/p>\n","protected":false},"excerpt":{"rendered":"<p>Cette pince junior pour tube est compatible avec les tubes de diam\u00e8tre compris entre 20 et 55 mm. Elle est \u00e9quip\u00e9e d\u2019une fixation femelle de 11\/8&#8221; (28 mm) et d\u2019un verrouillage avec c\u00e2ble de s\u00e9curit\u00e9. La pince peut supporter une charge maximale de 250 kg. Elle est fabriqu\u00e9e \u00e0 partir d\u2019aluminium moul\u00e9 en coquille gravit\u00e9, [&hellip;]<\/p>\n","protected":false},"featured_media":2392,"template":"","meta":{"inline_featured_image":false},"product_brand":[],"product_cat":[1987],"product_tag":[],"class_list":{"0":"post-984","1":"product","2":"type-product","3":"status-publish","4":"has-post-thumbnail","6":"product_cat-accroches","8":"first","9":"instock","10":"taxable","11":"shipping-taxable","12":"purchasable","13":"product-type-rentable"},"acf":[],"_links":{"self":[{"href":"https:\/\/indie.rent\/catalogue\/wp-json\/wp\/v2\/product\/984","targetHints":{"allow":["GET"]}}],"collection":[{"href":"https:\/\/indie.rent\/catalogue\/wp-json\/wp\/v2\/product"}],"about":[{"href":"https:\/\/indie.rent\/catalogue\/wp-json\/wp\/v2\/types\/product"}],"version-history":[{"count":0,"href":"https:\/\/indie.rent\/catalogue\/wp-json\/wp\/v2\/product\/984\/revisions"}],"wp:featuredmedia":[{"embeddable":true,"href":"https:\/\/indie.rent\/catalogue\/wp-json\/wp\/v2\/media\/2392"}],"wp:attachment":[{"href":"https:\/\/indie.rent\/catalogue\/wp-json\/wp\/v2\/media?parent=984"}],"wp:term":[{"taxonomy":"product_brand","embeddable":true,"href":"https:\/\/indie.rent\/catalogue\/wp-json\/wp\/v2\/product_brand?post=984"},{"taxonomy":"product_cat","embeddable":true,"href":"https:\/\/indie.rent\/catalogue\/wp-json\/wp\/v2\/product_cat?post=984"},{"taxonomy":"product_tag","embeddable":true,"href":"https:\/\/indie.rent\/catalogue\/wp-json\/wp\/v2\/product_tag?post=984"}],"curies":[{"name":"wp","href":"https:\/\/api.w.org\/{rel}","templated":true}]}}