{"id":983,"date":"2025-01-10T17:27:33","date_gmt":"2025-01-10T16:27:33","guid":{"rendered":"https:\/\/indie.rent\/catalogue\/produit\/booster-batterie-avec-cable-de-demarrage\/"},"modified":"2026-04-16T17:38:51","modified_gmt":"2026-04-16T15:38:51","slug":"booster-batterie-avec-cable-de-demarrage","status":"publish","type":"product","link":"https:\/\/indie.rent\/catalogue\/produit\/booster-batterie-avec-cable-de-demarrage\/","title":{"rendered":"Booster Batterie avec c\u00e2ble de d\u00e9marrage"},"content":{"rendered":"<p>D\u00e9marrage de Voiture avec Pinces intelligentes<br \/>Booster Batterie<br \/>Portable Jump Starter <\/p>\n<p>Caract\u00e9ristiques : <br \/>Dimensions (L x l x H ) : 16.5cm x 8.5cm x 3cm<br \/>Poids : 384g<br \/>Amp\u00e9rage : 800A<br \/>Capacit\u00e9 de la batterie : 12800mAh<\/p>\n","protected":false},"excerpt":{"rendered":"<p>D\u00e9marrage de Voiture avec Pinces intelligentesBooster BatteriePortable Jump Starter Caract\u00e9ristiques : Dimensions (L x l x H ) : 16.5cm x 8.5cm x 3cmPoids : 384gAmp\u00e9rage : 800ACapacit\u00e9 de la batterie : 12800mAh<\/p>\n","protected":false},"featured_media":3593,"template":"","meta":{"inline_featured_image":false},"product_brand":[],"product_cat":[2163],"product_tag":[],"class_list":{"0":"post-983","1":"product","2":"type-product","3":"status-publish","4":"has-post-thumbnail","6":"product_cat-vehcules","8":"first","9":"instock","10":"taxable","11":"shipping-taxable","12":"purchasable","13":"product-type-rentable"},"acf":[],"_links":{"self":[{"href":"https:\/\/indie.rent\/catalogue\/wp-json\/wp\/v2\/product\/983","targetHints":{"allow":["GET"]}}],"collection":[{"href":"https:\/\/indie.rent\/catalogue\/wp-json\/wp\/v2\/product"}],"about":[{"href":"https:\/\/indie.rent\/catalogue\/wp-json\/wp\/v2\/types\/product"}],"version-history":[{"count":0,"href":"https:\/\/indie.rent\/catalogue\/wp-json\/wp\/v2\/product\/983\/revisions"}],"wp:featuredmedia":[{"embeddable":true,"href":"https:\/\/indie.rent\/catalogue\/wp-json\/wp\/v2\/media\/3593"}],"wp:attachment":[{"href":"https:\/\/indie.rent\/catalogue\/wp-json\/wp\/v2\/media?parent=983"}],"wp:term":[{"taxonomy":"product_brand","embeddable":true,"href":"https:\/\/indie.rent\/catalogue\/wp-json\/wp\/v2\/product_brand?post=983"},{"taxonomy":"product_cat","embeddable":true,"href":"https:\/\/indie.rent\/catalogue\/wp-json\/wp\/v2\/product_cat?post=983"},{"taxonomy":"product_tag","embeddable":true,"href":"https:\/\/indie.rent\/catalogue\/wp-json\/wp\/v2\/product_tag?post=983"}],"curies":[{"name":"wp","href":"https:\/\/api.w.org\/{rel}","templated":true}]}}