{"id":981,"date":"2025-01-10T17:27:33","date_gmt":"2025-01-10T16:27:33","guid":{"rendered":"https:\/\/indie.rent\/catalogue\/produit\/presse-agrume-electrique\/"},"modified":"2026-04-16T17:38:22","modified_gmt":"2026-04-16T15:38:22","slug":"presse-agrume-electrique","status":"publish","type":"product","link":"https:\/\/indie.rent\/catalogue\/produit\/presse-agrume-electrique\/","title":{"rendered":"Presse agrume \u00e9lectrique"},"content":{"rendered":"<p>Des presses-agrumes \u00e9lectrique avec couvercle sont disponibles \u00e0 la location chez Indie !<\/p>\n","protected":false},"excerpt":{"rendered":"<p>Des presses-agrumes \u00e9lectrique avec couvercle sont disponibles \u00e0 la location chez Indie !<\/p>\n","protected":false},"featured_media":2353,"template":"","meta":{"inline_featured_image":false},"product_brand":[],"product_cat":[2144],"product_tag":[],"class_list":{"0":"post-981","1":"product","2":"type-product","3":"status-publish","4":"has-post-thumbnail","6":"product_cat-cafe-boissons","8":"first","9":"instock","10":"taxable","11":"shipping-taxable","12":"purchasable","13":"product-type-rentable"},"acf":[],"_links":{"self":[{"href":"https:\/\/indie.rent\/catalogue\/wp-json\/wp\/v2\/product\/981","targetHints":{"allow":["GET"]}}],"collection":[{"href":"https:\/\/indie.rent\/catalogue\/wp-json\/wp\/v2\/product"}],"about":[{"href":"https:\/\/indie.rent\/catalogue\/wp-json\/wp\/v2\/types\/product"}],"version-history":[{"count":0,"href":"https:\/\/indie.rent\/catalogue\/wp-json\/wp\/v2\/product\/981\/revisions"}],"wp:featuredmedia":[{"embeddable":true,"href":"https:\/\/indie.rent\/catalogue\/wp-json\/wp\/v2\/media\/2353"}],"wp:attachment":[{"href":"https:\/\/indie.rent\/catalogue\/wp-json\/wp\/v2\/media?parent=981"}],"wp:term":[{"taxonomy":"product_brand","embeddable":true,"href":"https:\/\/indie.rent\/catalogue\/wp-json\/wp\/v2\/product_brand?post=981"},{"taxonomy":"product_cat","embeddable":true,"href":"https:\/\/indie.rent\/catalogue\/wp-json\/wp\/v2\/product_cat?post=981"},{"taxonomy":"product_tag","embeddable":true,"href":"https:\/\/indie.rent\/catalogue\/wp-json\/wp\/v2\/product_tag?post=981"}],"curies":[{"name":"wp","href":"https:\/\/api.w.org\/{rel}","templated":true}]}}