{"id":980,"date":"2025-01-10T17:27:32","date_gmt":"2025-01-10T16:27:32","guid":{"rendered":"https:\/\/indie.rent\/catalogue\/produit\/glaciere-souple-sac-a-dos-de-10l\/"},"modified":"2026-04-16T17:37:31","modified_gmt":"2026-04-16T15:37:31","slug":"glaciere-souple-sac-a-dos","status":"publish","type":"product","link":"https:\/\/indie.rent\/catalogue\/produit\/glaciere-souple-sac-a-dos\/","title":{"rendered":"Glaci\u00e8re Souple Sac \u00e0 Dos"},"content":{"rendered":"<p>Des sac \u00e0 dos isotherme de 20L sont disponibles \u00e0 la location chez nous !<\/p>\n","protected":false},"excerpt":{"rendered":"<p>Des sac \u00e0 dos isotherme de 20L sont disponibles \u00e0 la location chez nous !<\/p>\n","protected":false},"featured_media":2347,"template":"","meta":{"inline_featured_image":false},"product_brand":[],"product_cat":[2147],"product_tag":[],"class_list":{"0":"post-980","1":"product","2":"type-product","3":"status-publish","4":"has-post-thumbnail","6":"product_cat-conservation","8":"first","9":"instock","10":"taxable","11":"shipping-taxable","12":"purchasable","13":"product-type-rentable"},"acf":[],"_links":{"self":[{"href":"https:\/\/indie.rent\/catalogue\/wp-json\/wp\/v2\/product\/980","targetHints":{"allow":["GET"]}}],"collection":[{"href":"https:\/\/indie.rent\/catalogue\/wp-json\/wp\/v2\/product"}],"about":[{"href":"https:\/\/indie.rent\/catalogue\/wp-json\/wp\/v2\/types\/product"}],"version-history":[{"count":0,"href":"https:\/\/indie.rent\/catalogue\/wp-json\/wp\/v2\/product\/980\/revisions"}],"wp:featuredmedia":[{"embeddable":true,"href":"https:\/\/indie.rent\/catalogue\/wp-json\/wp\/v2\/media\/2347"}],"wp:attachment":[{"href":"https:\/\/indie.rent\/catalogue\/wp-json\/wp\/v2\/media?parent=980"}],"wp:term":[{"taxonomy":"product_brand","embeddable":true,"href":"https:\/\/indie.rent\/catalogue\/wp-json\/wp\/v2\/product_brand?post=980"},{"taxonomy":"product_cat","embeddable":true,"href":"https:\/\/indie.rent\/catalogue\/wp-json\/wp\/v2\/product_cat?post=980"},{"taxonomy":"product_tag","embeddable":true,"href":"https:\/\/indie.rent\/catalogue\/wp-json\/wp\/v2\/product_tag?post=980"}],"curies":[{"name":"wp","href":"https:\/\/api.w.org\/{rel}","templated":true}]}}