{"id":979,"date":"2025-01-10T17:27:32","date_gmt":"2025-01-10T16:27:32","guid":{"rendered":"https:\/\/indie.rent\/catalogue\/produit\/glaciere-souple-de-25l\/"},"modified":"2026-04-16T17:37:28","modified_gmt":"2026-04-16T15:37:28","slug":"glaciere-souple-de-25l","status":"publish","type":"product","link":"https:\/\/indie.rent\/catalogue\/produit\/glaciere-souple-de-25l\/","title":{"rendered":"Glaci\u00e8re Souple de 25L"},"content":{"rendered":"<p>Louez chez nous une glaci\u00e8re de 25L souple permettant un rangement optimis\u00e9. <\/p>\n<p>Vous trouverez \u00e0 l&#8217;ext\u00e9rieur trois poches de rangement \u00e9lastiques en filet.<br \/>Gr\u00e2ce au s\u00e9parateur qui se trouve \u00e0 l&#8217;int\u00e9rieur de la glaci\u00e8re, vous pourrez optimiser son organisation. Si vous le placez \u00e0 l&#8217;horizontal, vous pouvez garder les aliments qui seront en dessous plus longtemps au frais. Si vous le placez \u00e0 la verticale vous pourrez organiser votre glaci\u00e8re en s\u00e9parant aliments et boissons, par exemple.<\/p>\n<p>D\u00e9pli\u00e9e, la glaci\u00e8re mesure 40 cm en hauteur, 30 cm en profondeur et 40 cm en largeur.<br \/>Pli\u00e9e, la glaci\u00e8re gagne en compacit\u00e9 et mesure 21 cm en hauteur, 30 cm en profondeur et 40 cm en largeur<\/p>\n","protected":false},"excerpt":{"rendered":"<p>Louez chez nous une glaci\u00e8re de 25L souple permettant un rangement optimis\u00e9. Vous trouverez \u00e0 l&#8217;ext\u00e9rieur trois poches de rangement \u00e9lastiques en filet.Gr\u00e2ce au s\u00e9parateur qui se trouve \u00e0 l&#8217;int\u00e9rieur de la glaci\u00e8re, vous pourrez optimiser son organisation. Si vous le placez \u00e0 l&#8217;horizontal, vous pouvez garder les aliments qui seront en dessous plus longtemps [&hellip;]<\/p>\n","protected":false},"featured_media":2346,"template":"","meta":{"inline_featured_image":false},"product_brand":[],"product_cat":[2147],"product_tag":[],"class_list":{"0":"post-979","1":"product","2":"type-product","3":"status-publish","4":"has-post-thumbnail","6":"product_cat-conservation","8":"first","9":"instock","10":"taxable","11":"shipping-taxable","12":"purchasable","13":"product-type-rentable"},"acf":[],"_links":{"self":[{"href":"https:\/\/indie.rent\/catalogue\/wp-json\/wp\/v2\/product\/979","targetHints":{"allow":["GET"]}}],"collection":[{"href":"https:\/\/indie.rent\/catalogue\/wp-json\/wp\/v2\/product"}],"about":[{"href":"https:\/\/indie.rent\/catalogue\/wp-json\/wp\/v2\/types\/product"}],"version-history":[{"count":0,"href":"https:\/\/indie.rent\/catalogue\/wp-json\/wp\/v2\/product\/979\/revisions"}],"wp:featuredmedia":[{"embeddable":true,"href":"https:\/\/indie.rent\/catalogue\/wp-json\/wp\/v2\/media\/2346"}],"wp:attachment":[{"href":"https:\/\/indie.rent\/catalogue\/wp-json\/wp\/v2\/media?parent=979"}],"wp:term":[{"taxonomy":"product_brand","embeddable":true,"href":"https:\/\/indie.rent\/catalogue\/wp-json\/wp\/v2\/product_brand?post=979"},{"taxonomy":"product_cat","embeddable":true,"href":"https:\/\/indie.rent\/catalogue\/wp-json\/wp\/v2\/product_cat?post=979"},{"taxonomy":"product_tag","embeddable":true,"href":"https:\/\/indie.rent\/catalogue\/wp-json\/wp\/v2\/product_tag?post=979"}],"curies":[{"name":"wp","href":"https:\/\/api.w.org\/{rel}","templated":true}]}}