{"id":976,"date":"2025-01-10T17:27:31","date_gmt":"2025-01-10T16:27:31","guid":{"rendered":"https:\/\/indie.rent\/catalogue\/produit\/support-court-de-pebroc\/"},"modified":"2026-04-16T17:29:04","modified_gmt":"2026-04-16T15:29:04","slug":"support-court-de-pebroc","status":"publish","type":"product","link":"https:\/\/indie.rent\/catalogue\/produit\/support-court-de-pebroc\/","title":{"rendered":"Support Court de P\u00e9broc"},"content":{"rendered":"<p>Des support de P\u00e9broc court sont disponibles \u00e0 la location chez Indie !<\/p>\n","protected":false},"excerpt":{"rendered":"<p>Des support de P\u00e9broc court sont disponibles \u00e0 la location chez Indie !<\/p>\n","protected":false},"featured_media":3577,"template":"","meta":{"inline_featured_image":false},"product_brand":[],"product_cat":[2158],"product_tag":[],"class_list":{"0":"post-976","1":"product","2":"type-product","3":"status-publish","4":"has-post-thumbnail","6":"product_cat-pluie","8":"first","9":"instock","10":"taxable","11":"shipping-taxable","12":"purchasable","13":"product-type-rentable"},"acf":[],"_links":{"self":[{"href":"https:\/\/indie.rent\/catalogue\/wp-json\/wp\/v2\/product\/976","targetHints":{"allow":["GET"]}}],"collection":[{"href":"https:\/\/indie.rent\/catalogue\/wp-json\/wp\/v2\/product"}],"about":[{"href":"https:\/\/indie.rent\/catalogue\/wp-json\/wp\/v2\/types\/product"}],"version-history":[{"count":0,"href":"https:\/\/indie.rent\/catalogue\/wp-json\/wp\/v2\/product\/976\/revisions"}],"wp:featuredmedia":[{"embeddable":true,"href":"https:\/\/indie.rent\/catalogue\/wp-json\/wp\/v2\/media\/3577"}],"wp:attachment":[{"href":"https:\/\/indie.rent\/catalogue\/wp-json\/wp\/v2\/media?parent=976"}],"wp:term":[{"taxonomy":"product_brand","embeddable":true,"href":"https:\/\/indie.rent\/catalogue\/wp-json\/wp\/v2\/product_brand?post=976"},{"taxonomy":"product_cat","embeddable":true,"href":"https:\/\/indie.rent\/catalogue\/wp-json\/wp\/v2\/product_cat?post=976"},{"taxonomy":"product_tag","embeddable":true,"href":"https:\/\/indie.rent\/catalogue\/wp-json\/wp\/v2\/product_tag?post=976"}],"curies":[{"name":"wp","href":"https:\/\/api.w.org\/{rel}","templated":true}]}}