{"id":961,"date":"2025-01-10T17:27:20","date_gmt":"2025-01-10T16:27:20","guid":{"rendered":"https:\/\/indie.rent\/catalogue\/produit\/black-eye-clamp-eye-nut-c264b\/"},"modified":"2026-04-13T18:37:23","modified_gmt":"2026-04-13T16:37:23","slug":"black-eye-clamp-eye-nut-c264b","status":"publish","type":"product","link":"https:\/\/indie.rent\/catalogue\/produit\/black-eye-clamp-eye-nut-c264b\/","title":{"rendered":"Black Eye Clamp Eye Nut &#8211; C264B"},"content":{"rendered":"<p>Cette accroche vous permettra d&#8217;utiliser son anneau pour tout type d&#8217;accroche avec des bouts par exemple.<br \/>Peut \u00eatre utilis\u00e9e dur des tube de 42 \u00e0 60mm de diam\u00e8tre<\/p>\n","protected":false},"excerpt":{"rendered":"<p>Cette accroche vous permettra d&#8217;utiliser son anneau pour tout type d&#8217;accroche avec des bouts par exemple.Peut \u00eatre utilis\u00e9e dur des tube de 42 \u00e0 60mm de diam\u00e8tre<\/p>\n","protected":false},"featured_media":2267,"template":"","meta":{"inline_featured_image":false},"product_brand":[],"product_cat":[1987],"product_tag":[],"class_list":{"0":"post-961","1":"product","2":"type-product","3":"status-publish","4":"has-post-thumbnail","6":"product_cat-accroches","8":"first","9":"instock","10":"taxable","11":"shipping-taxable","12":"purchasable","13":"product-type-rentable"},"acf":[],"_links":{"self":[{"href":"https:\/\/indie.rent\/catalogue\/wp-json\/wp\/v2\/product\/961","targetHints":{"allow":["GET"]}}],"collection":[{"href":"https:\/\/indie.rent\/catalogue\/wp-json\/wp\/v2\/product"}],"about":[{"href":"https:\/\/indie.rent\/catalogue\/wp-json\/wp\/v2\/types\/product"}],"version-history":[{"count":0,"href":"https:\/\/indie.rent\/catalogue\/wp-json\/wp\/v2\/product\/961\/revisions"}],"wp:featuredmedia":[{"embeddable":true,"href":"https:\/\/indie.rent\/catalogue\/wp-json\/wp\/v2\/media\/2267"}],"wp:attachment":[{"href":"https:\/\/indie.rent\/catalogue\/wp-json\/wp\/v2\/media?parent=961"}],"wp:term":[{"taxonomy":"product_brand","embeddable":true,"href":"https:\/\/indie.rent\/catalogue\/wp-json\/wp\/v2\/product_brand?post=961"},{"taxonomy":"product_cat","embeddable":true,"href":"https:\/\/indie.rent\/catalogue\/wp-json\/wp\/v2\/product_cat?post=961"},{"taxonomy":"product_tag","embeddable":true,"href":"https:\/\/indie.rent\/catalogue\/wp-json\/wp\/v2\/product_tag?post=961"}],"curies":[{"name":"wp","href":"https:\/\/api.w.org\/{rel}","templated":true}]}}