{"id":943,"date":"2025-01-10T17:27:14","date_gmt":"2025-01-10T16:27:14","guid":{"rendered":"https:\/\/indie.rent\/catalogue\/produit\/quick-lock\/"},"modified":"2026-04-14T16:16:51","modified_gmt":"2026-04-14T14:16:51","slug":"quick-lock","status":"publish","type":"product","link":"https:\/\/indie.rent\/catalogue\/produit\/quick-lock\/","title":{"rendered":"Quick Lock"},"content":{"rendered":"<p>Des nano clamps sont disponibles afin de vous faciliter diff\u00e9rentes accroches d&#8217;\u00e9metteurs, de r\u00e9cepteurs, de moniteurs sur toutes vos configurations de fa\u00e7on tr\u00e8s s\u00e9curis\u00e9.<\/p>\n","protected":false},"excerpt":{"rendered":"<p>Des nano clamps sont disponibles afin de vous faciliter diff\u00e9rentes accroches d&#8217;\u00e9metteurs, de r\u00e9cepteurs, de moniteurs sur toutes vos configurations de fa\u00e7on tr\u00e8s s\u00e9curis\u00e9.<\/p>\n","protected":false},"featured_media":2139,"template":"","meta":{"inline_featured_image":false},"product_brand":[],"product_cat":[1976],"product_tag":[],"class_list":{"0":"post-943","1":"product","2":"type-product","3":"status-publish","4":"has-post-thumbnail","6":"product_cat-accroches-accessoires","8":"first","9":"instock","10":"taxable","11":"shipping-taxable","12":"purchasable","13":"product-type-rentable"},"acf":[],"_links":{"self":[{"href":"https:\/\/indie.rent\/catalogue\/wp-json\/wp\/v2\/product\/943","targetHints":{"allow":["GET"]}}],"collection":[{"href":"https:\/\/indie.rent\/catalogue\/wp-json\/wp\/v2\/product"}],"about":[{"href":"https:\/\/indie.rent\/catalogue\/wp-json\/wp\/v2\/types\/product"}],"version-history":[{"count":0,"href":"https:\/\/indie.rent\/catalogue\/wp-json\/wp\/v2\/product\/943\/revisions"}],"wp:featuredmedia":[{"embeddable":true,"href":"https:\/\/indie.rent\/catalogue\/wp-json\/wp\/v2\/media\/2139"}],"wp:attachment":[{"href":"https:\/\/indie.rent\/catalogue\/wp-json\/wp\/v2\/media?parent=943"}],"wp:term":[{"taxonomy":"product_brand","embeddable":true,"href":"https:\/\/indie.rent\/catalogue\/wp-json\/wp\/v2\/product_brand?post=943"},{"taxonomy":"product_cat","embeddable":true,"href":"https:\/\/indie.rent\/catalogue\/wp-json\/wp\/v2\/product_cat?post=943"},{"taxonomy":"product_tag","embeddable":true,"href":"https:\/\/indie.rent\/catalogue\/wp-json\/wp\/v2\/product_tag?post=943"}],"curies":[{"name":"wp","href":"https:\/\/api.w.org\/{rel}","templated":true}]}}