{"id":939,"date":"2025-01-10T17:27:12","date_gmt":"2025-01-10T16:27:12","guid":{"rendered":"https:\/\/indie.rent\/catalogue\/produit\/table-a-repasser\/"},"modified":"2026-04-15T10:11:56","modified_gmt":"2026-04-15T08:11:56","slug":"table-a-repasser","status":"publish","type":"product","link":"https:\/\/indie.rent\/catalogue\/produit\/table-a-repasser\/","title":{"rendered":"Table \u00e0 Repasser"},"content":{"rendered":"<p>Des tables \u00e0 repasser sont disponibles \u00e0 la location chez nous !<\/p>\n","protected":false},"excerpt":{"rendered":"<p>Des tables \u00e0 repasser sont disponibles \u00e0 la location chez nous !<\/p>\n","protected":false},"featured_media":2059,"template":"","meta":{"inline_featured_image":false},"product_brand":[],"product_cat":[2150],"product_tag":[],"class_list":{"0":"post-939","1":"product","2":"type-product","3":"status-publish","4":"has-post-thumbnail","6":"product_cat-loge","8":"first","9":"instock","10":"taxable","11":"shipping-taxable","12":"purchasable","13":"product-type-rentable"},"acf":[],"_links":{"self":[{"href":"https:\/\/indie.rent\/catalogue\/wp-json\/wp\/v2\/product\/939","targetHints":{"allow":["GET"]}}],"collection":[{"href":"https:\/\/indie.rent\/catalogue\/wp-json\/wp\/v2\/product"}],"about":[{"href":"https:\/\/indie.rent\/catalogue\/wp-json\/wp\/v2\/types\/product"}],"version-history":[{"count":0,"href":"https:\/\/indie.rent\/catalogue\/wp-json\/wp\/v2\/product\/939\/revisions"}],"wp:featuredmedia":[{"embeddable":true,"href":"https:\/\/indie.rent\/catalogue\/wp-json\/wp\/v2\/media\/2059"}],"wp:attachment":[{"href":"https:\/\/indie.rent\/catalogue\/wp-json\/wp\/v2\/media?parent=939"}],"wp:term":[{"taxonomy":"product_brand","embeddable":true,"href":"https:\/\/indie.rent\/catalogue\/wp-json\/wp\/v2\/product_brand?post=939"},{"taxonomy":"product_cat","embeddable":true,"href":"https:\/\/indie.rent\/catalogue\/wp-json\/wp\/v2\/product_cat?post=939"},{"taxonomy":"product_tag","embeddable":true,"href":"https:\/\/indie.rent\/catalogue\/wp-json\/wp\/v2\/product_tag?post=939"}],"curies":[{"name":"wp","href":"https:\/\/api.w.org\/{rel}","templated":true}]}}