{"id":923,"date":"2025-01-10T17:27:05","date_gmt":"2025-01-10T16:27:05","guid":{"rendered":"https:\/\/indie.rent\/catalogue\/produit\/pelle-en-acier-balayette-poils-noirs\/"},"modified":"2026-04-16T18:16:34","modified_gmt":"2026-04-16T16:16:34","slug":"pelle-en-acier-balayette-poils-noirs","status":"publish","type":"product","link":"https:\/\/indie.rent\/catalogue\/produit\/pelle-en-acier-balayette-poils-noirs\/","title":{"rendered":"Pelle en acier + Balayette poils noirs"},"content":{"rendered":"<p>Cette pelle est particuli\u00e8rement solide et assure donc une certaine durabilit\u00e9 quant \u00e0 son utilisation. <br \/>La balayette est fait en poil r\u00eache et tr\u00e8s fournis, elle peut donc \u00e9galement \u00eatre utile pour d\u00e9sincruster la salet\u00e9. <\/p>\n<p>Dimensions pelle : <br \/>Largeur de travail : 22 x 23 cm. <br \/>Longueur totale : 43 cm. <\/p>\n<p>Dimensions balayette : <br \/>Largeur de travail : 16cm<br \/>Longueur totale : 30,5cm<\/p>\n","protected":false},"excerpt":{"rendered":"<p>Cette pelle est particuli\u00e8rement solide et assure donc une certaine durabilit\u00e9 quant \u00e0 son utilisation. La balayette est fait en poil r\u00eache et tr\u00e8s fournis, elle peut donc \u00e9galement \u00eatre utile pour d\u00e9sincruster la salet\u00e9. Dimensions pelle : Largeur de travail : 22 x 23 cm. Longueur totale : 43 cm. Dimensions balayette : Largeur [&hellip;]<\/p>\n","protected":false},"featured_media":3689,"template":"","meta":{"inline_featured_image":false},"product_brand":[],"product_cat":[2166],"product_tag":[],"class_list":{"0":"post-923","1":"product","2":"type-product","3":"status-publish","4":"has-post-thumbnail","6":"product_cat-menage","8":"first","9":"instock","10":"taxable","11":"shipping-taxable","12":"purchasable","13":"product-type-rentable"},"acf":[],"_links":{"self":[{"href":"https:\/\/indie.rent\/catalogue\/wp-json\/wp\/v2\/product\/923","targetHints":{"allow":["GET"]}}],"collection":[{"href":"https:\/\/indie.rent\/catalogue\/wp-json\/wp\/v2\/product"}],"about":[{"href":"https:\/\/indie.rent\/catalogue\/wp-json\/wp\/v2\/types\/product"}],"version-history":[{"count":0,"href":"https:\/\/indie.rent\/catalogue\/wp-json\/wp\/v2\/product\/923\/revisions"}],"wp:featuredmedia":[{"embeddable":true,"href":"https:\/\/indie.rent\/catalogue\/wp-json\/wp\/v2\/media\/3689"}],"wp:attachment":[{"href":"https:\/\/indie.rent\/catalogue\/wp-json\/wp\/v2\/media?parent=923"}],"wp:term":[{"taxonomy":"product_brand","embeddable":true,"href":"https:\/\/indie.rent\/catalogue\/wp-json\/wp\/v2\/product_brand?post=923"},{"taxonomy":"product_cat","embeddable":true,"href":"https:\/\/indie.rent\/catalogue\/wp-json\/wp\/v2\/product_cat?post=923"},{"taxonomy":"product_tag","embeddable":true,"href":"https:\/\/indie.rent\/catalogue\/wp-json\/wp\/v2\/product_tag?post=923"}],"curies":[{"name":"wp","href":"https:\/\/api.w.org\/{rel}","templated":true}]}}