{"id":910,"date":"2025-01-10T17:26:58","date_gmt":"2025-01-10T16:26:58","guid":{"rendered":"https:\/\/indie.rent\/catalogue\/produit\/pont-en-15mm-a-visser-smallrig\/"},"modified":"2026-04-16T18:36:49","modified_gmt":"2026-04-16T16:36:49","slug":"pont-en-15mm-a-visser-smallrig","status":"publish","type":"product","link":"https:\/\/indie.rent\/catalogue\/produit\/pont-en-15mm-a-visser-smallrig\/","title":{"rendered":"Pont en 15mm \u00e0 Visser &#8211; SMALLRIG"},"content":{"rendered":"<p>Ce pont en 15mm vous donne la possibilit\u00e9 de venir visser des produits comme des plaques V-Lock ou des \u00e9metteurs ou r\u00e9cepteurs sur des tiges de 15mm pour toutes vos configurations cam\u00e9ras ou moniteurs.<\/p>\n","protected":false},"excerpt":{"rendered":"<p>Ce pont en 15mm vous donne la possibilit\u00e9 de venir visser des produits comme des plaques V-Lock ou des \u00e9metteurs ou r\u00e9cepteurs sur des tiges de 15mm pour toutes vos configurations cam\u00e9ras ou moniteurs.<\/p>\n","protected":false},"featured_media":2566,"template":"","meta":{"inline_featured_image":false},"product_brand":[],"product_cat":[1977],"product_tag":[],"class_list":{"0":"post-910","1":"product","2":"type-product","3":"status-publish","4":"has-post-thumbnail","6":"product_cat-accroches-sur-tiges","8":"first","9":"instock","10":"taxable","11":"shipping-taxable","12":"purchasable","13":"product-type-rentable"},"acf":[],"_links":{"self":[{"href":"https:\/\/indie.rent\/catalogue\/wp-json\/wp\/v2\/product\/910","targetHints":{"allow":["GET"]}}],"collection":[{"href":"https:\/\/indie.rent\/catalogue\/wp-json\/wp\/v2\/product"}],"about":[{"href":"https:\/\/indie.rent\/catalogue\/wp-json\/wp\/v2\/types\/product"}],"version-history":[{"count":0,"href":"https:\/\/indie.rent\/catalogue\/wp-json\/wp\/v2\/product\/910\/revisions"}],"wp:featuredmedia":[{"embeddable":true,"href":"https:\/\/indie.rent\/catalogue\/wp-json\/wp\/v2\/media\/2566"}],"wp:attachment":[{"href":"https:\/\/indie.rent\/catalogue\/wp-json\/wp\/v2\/media?parent=910"}],"wp:term":[{"taxonomy":"product_brand","embeddable":true,"href":"https:\/\/indie.rent\/catalogue\/wp-json\/wp\/v2\/product_brand?post=910"},{"taxonomy":"product_cat","embeddable":true,"href":"https:\/\/indie.rent\/catalogue\/wp-json\/wp\/v2\/product_cat?post=910"},{"taxonomy":"product_tag","embeddable":true,"href":"https:\/\/indie.rent\/catalogue\/wp-json\/wp\/v2\/product_tag?post=910"}],"curies":[{"name":"wp","href":"https:\/\/api.w.org\/{rel}","templated":true}]}}