{"id":898,"date":"2025-01-10T17:26:49","date_gmt":"2025-01-10T16:26:49","guid":{"rendered":"https:\/\/indie.rent\/catalogue\/produit\/cable-dalimentation-dtap-vers-dc-in-sony-fx6-fx9\/"},"modified":"2026-04-15T10:43:39","modified_gmt":"2026-04-15T08:43:39","slug":"cable-dalimentation-dtap-vers-dc-in-sony-fx6-fx9","status":"publish","type":"product","link":"https:\/\/indie.rent\/catalogue\/produit\/cable-dalimentation-dtap-vers-dc-in-sony-fx6-fx9\/","title":{"rendered":"C\u00e2ble D&#8217;Alimentation Dtap vers DC-IN Sony FX6\/FX9"},"content":{"rendered":"<p>Ce c\u00e2ble vous offre la possibilit\u00e9 d&#8217;alimenter vos cam\u00e9ras Sony FX6 et FX9 avec une batterie V-Lock pour plus d&#8217;autonomie sur vos appareils.<\/p>\n","protected":false},"excerpt":{"rendered":"<p>Ce c\u00e2ble vous offre la possibilit\u00e9 d&#8217;alimenter vos cam\u00e9ras Sony FX6 et FX9 avec une batterie V-Lock pour plus d&#8217;autonomie sur vos appareils.<\/p>\n","protected":false},"featured_media":2500,"template":"","meta":{"inline_featured_image":false},"product_brand":[],"product_cat":[1979],"product_tag":[],"class_list":{"0":"post-898","1":"product","2":"type-product","3":"status-publish","4":"has-post-thumbnail","6":"product_cat-cables-dalimentation","8":"first","9":"instock","10":"taxable","11":"shipping-taxable","12":"purchasable","13":"product-type-rentable"},"acf":[],"_links":{"self":[{"href":"https:\/\/indie.rent\/catalogue\/wp-json\/wp\/v2\/product\/898","targetHints":{"allow":["GET"]}}],"collection":[{"href":"https:\/\/indie.rent\/catalogue\/wp-json\/wp\/v2\/product"}],"about":[{"href":"https:\/\/indie.rent\/catalogue\/wp-json\/wp\/v2\/types\/product"}],"version-history":[{"count":0,"href":"https:\/\/indie.rent\/catalogue\/wp-json\/wp\/v2\/product\/898\/revisions"}],"wp:featuredmedia":[{"embeddable":true,"href":"https:\/\/indie.rent\/catalogue\/wp-json\/wp\/v2\/media\/2500"}],"wp:attachment":[{"href":"https:\/\/indie.rent\/catalogue\/wp-json\/wp\/v2\/media?parent=898"}],"wp:term":[{"taxonomy":"product_brand","embeddable":true,"href":"https:\/\/indie.rent\/catalogue\/wp-json\/wp\/v2\/product_brand?post=898"},{"taxonomy":"product_cat","embeddable":true,"href":"https:\/\/indie.rent\/catalogue\/wp-json\/wp\/v2\/product_cat?post=898"},{"taxonomy":"product_tag","embeddable":true,"href":"https:\/\/indie.rent\/catalogue\/wp-json\/wp\/v2\/product_tag?post=898"}],"curies":[{"name":"wp","href":"https:\/\/api.w.org\/{rel}","templated":true}]}}