{"id":895,"date":"2025-01-10T17:26:48","date_gmt":"2025-01-10T16:26:48","guid":{"rendered":"https:\/\/indie.rent\/catalogue\/produit\/petit-portant-pliable-l-x-100cm\/"},"modified":"2026-04-15T10:39:17","modified_gmt":"2026-04-15T08:39:17","slug":"petit-portant-pliable-l-x-100cm","status":"publish","type":"product","link":"https:\/\/indie.rent\/catalogue\/produit\/petit-portant-pliable-l-x-100cm\/","title":{"rendered":"Petit portant pliable &#8211; L x 100cm"},"content":{"rendered":"<p>Des petits portants pliables sont disponibles \u00e0 la location chez nous ! <\/p>\n<p>Caract\u00e9ristiques : <br \/>pliable sur roulette <br \/>Facilite le d\u00e9placement <br \/>Hauteur r\u00e9glable <br \/>Longueur 100cm <br \/>Barre sup\u00e9rieur extensible<\/p>\n","protected":false},"excerpt":{"rendered":"<p>Des petits portants pliables sont disponibles \u00e0 la location chez nous ! Caract\u00e9ristiques : pliable sur roulette Facilite le d\u00e9placement Hauteur r\u00e9glable Longueur 100cm Barre sup\u00e9rieur extensible<\/p>\n","protected":false},"featured_media":2463,"template":"","meta":{"inline_featured_image":false},"product_brand":[],"product_cat":[2150],"product_tag":[],"class_list":{"0":"post-895","1":"product","2":"type-product","3":"status-publish","4":"has-post-thumbnail","6":"product_cat-loge","8":"first","9":"instock","10":"taxable","11":"shipping-taxable","12":"purchasable","13":"product-type-rentable"},"acf":[],"_links":{"self":[{"href":"https:\/\/indie.rent\/catalogue\/wp-json\/wp\/v2\/product\/895","targetHints":{"allow":["GET"]}}],"collection":[{"href":"https:\/\/indie.rent\/catalogue\/wp-json\/wp\/v2\/product"}],"about":[{"href":"https:\/\/indie.rent\/catalogue\/wp-json\/wp\/v2\/types\/product"}],"version-history":[{"count":0,"href":"https:\/\/indie.rent\/catalogue\/wp-json\/wp\/v2\/product\/895\/revisions"}],"wp:featuredmedia":[{"embeddable":true,"href":"https:\/\/indie.rent\/catalogue\/wp-json\/wp\/v2\/media\/2463"}],"wp:attachment":[{"href":"https:\/\/indie.rent\/catalogue\/wp-json\/wp\/v2\/media?parent=895"}],"wp:term":[{"taxonomy":"product_brand","embeddable":true,"href":"https:\/\/indie.rent\/catalogue\/wp-json\/wp\/v2\/product_brand?post=895"},{"taxonomy":"product_cat","embeddable":true,"href":"https:\/\/indie.rent\/catalogue\/wp-json\/wp\/v2\/product_cat?post=895"},{"taxonomy":"product_tag","embeddable":true,"href":"https:\/\/indie.rent\/catalogue\/wp-json\/wp\/v2\/product_tag?post=895"}],"curies":[{"name":"wp","href":"https:\/\/api.w.org\/{rel}","templated":true}]}}