{"id":894,"date":"2025-01-10T17:26:48","date_gmt":"2025-01-10T16:26:48","guid":{"rendered":"https:\/\/indie.rent\/catalogue\/produit\/ensemble-parka-de-travail-pantalon-orange-fluo-taille-m-et-l\/"},"modified":"2026-04-16T17:58:59","modified_gmt":"2026-04-16T15:58:59","slug":"ensemble-parka-de-travail-pantalon-orange-fluo-taille-m-et-l","status":"publish","type":"product","link":"https:\/\/indie.rent\/catalogue\/produit\/ensemble-parka-de-travail-pantalon-orange-fluo-taille-m-et-l\/","title":{"rendered":"Ensemble Parka de travail + Pantalon Orange fluo &#8211; taille M et L"},"content":{"rendered":"<p>Cet ensemble de travail orange fluo, disponible en taille M ou en taille L est un habit tr\u00e8s confortable pour le travail en ext\u00e9rieur par mauvais temps. <br \/>Ses bandes r\u00e9fl\u00e9chissantes permettent une grande visibilit\u00e9 en cas de tournage de nuit.<\/p>\n","protected":false},"excerpt":{"rendered":"<p>Cet ensemble de travail orange fluo, disponible en taille M ou en taille L est un habit tr\u00e8s confortable pour le travail en ext\u00e9rieur par mauvais temps. Ses bandes r\u00e9fl\u00e9chissantes permettent une grande visibilit\u00e9 en cas de tournage de nuit.<\/p>\n","protected":false},"featured_media":3606,"template":"","meta":{"inline_featured_image":false},"product_brand":[],"product_cat":[2155],"product_tag":[],"class_list":{"0":"post-894","1":"product","2":"type-product","3":"status-publish","4":"has-post-thumbnail","6":"product_cat-securite","8":"first","9":"instock","10":"taxable","11":"shipping-taxable","12":"purchasable","13":"product-type-rentable"},"acf":[],"_links":{"self":[{"href":"https:\/\/indie.rent\/catalogue\/wp-json\/wp\/v2\/product\/894","targetHints":{"allow":["GET"]}}],"collection":[{"href":"https:\/\/indie.rent\/catalogue\/wp-json\/wp\/v2\/product"}],"about":[{"href":"https:\/\/indie.rent\/catalogue\/wp-json\/wp\/v2\/types\/product"}],"version-history":[{"count":0,"href":"https:\/\/indie.rent\/catalogue\/wp-json\/wp\/v2\/product\/894\/revisions"}],"wp:featuredmedia":[{"embeddable":true,"href":"https:\/\/indie.rent\/catalogue\/wp-json\/wp\/v2\/media\/3606"}],"wp:attachment":[{"href":"https:\/\/indie.rent\/catalogue\/wp-json\/wp\/v2\/media?parent=894"}],"wp:term":[{"taxonomy":"product_brand","embeddable":true,"href":"https:\/\/indie.rent\/catalogue\/wp-json\/wp\/v2\/product_brand?post=894"},{"taxonomy":"product_cat","embeddable":true,"href":"https:\/\/indie.rent\/catalogue\/wp-json\/wp\/v2\/product_cat?post=894"},{"taxonomy":"product_tag","embeddable":true,"href":"https:\/\/indie.rent\/catalogue\/wp-json\/wp\/v2\/product_tag?post=894"}],"curies":[{"name":"wp","href":"https:\/\/api.w.org\/{rel}","templated":true}]}}