{"id":892,"date":"2025-01-10T17:26:47","date_gmt":"2025-01-10T16:26:47","guid":{"rendered":"https:\/\/indie.rent\/catalogue\/produit\/cable-dalimentation-dtap-vers-batterie-sony-np-fz100\/"},"modified":"2026-04-15T10:35:13","modified_gmt":"2026-04-15T08:35:13","slug":"cable-dalimentation-dtap-vers-batterie-sony-np-fz100","status":"publish","type":"product","link":"https:\/\/indie.rent\/catalogue\/produit\/cable-dalimentation-dtap-vers-batterie-sony-np-fz100\/","title":{"rendered":"C\u00e2ble d&#8217;Alimentation Dtap Vers Batterie Sony NP-FZ100"},"content":{"rendered":"<p>Ce c\u00e2ble vous offre la possibilit\u00e9 d&#8217;alimenter vos cam\u00e9ras Sony FX3 et A7sIII avec une batterie V-Lock pour plus d&#8217;autonomie sur vos appareils.<\/p>\n","protected":false},"excerpt":{"rendered":"<p>Ce c\u00e2ble vous offre la possibilit\u00e9 d&#8217;alimenter vos cam\u00e9ras Sony FX3 et A7sIII avec une batterie V-Lock pour plus d&#8217;autonomie sur vos appareils.<\/p>\n","protected":false},"featured_media":2400,"template":"","meta":{"inline_featured_image":false},"product_brand":[],"product_cat":[1979],"product_tag":[],"class_list":{"0":"post-892","1":"product","2":"type-product","3":"status-publish","4":"has-post-thumbnail","6":"product_cat-cables-dalimentation","8":"first","9":"instock","10":"taxable","11":"shipping-taxable","12":"purchasable","13":"product-type-rentable"},"acf":[],"_links":{"self":[{"href":"https:\/\/indie.rent\/catalogue\/wp-json\/wp\/v2\/product\/892","targetHints":{"allow":["GET"]}}],"collection":[{"href":"https:\/\/indie.rent\/catalogue\/wp-json\/wp\/v2\/product"}],"about":[{"href":"https:\/\/indie.rent\/catalogue\/wp-json\/wp\/v2\/types\/product"}],"version-history":[{"count":0,"href":"https:\/\/indie.rent\/catalogue\/wp-json\/wp\/v2\/product\/892\/revisions"}],"wp:featuredmedia":[{"embeddable":true,"href":"https:\/\/indie.rent\/catalogue\/wp-json\/wp\/v2\/media\/2400"}],"wp:attachment":[{"href":"https:\/\/indie.rent\/catalogue\/wp-json\/wp\/v2\/media?parent=892"}],"wp:term":[{"taxonomy":"product_brand","embeddable":true,"href":"https:\/\/indie.rent\/catalogue\/wp-json\/wp\/v2\/product_brand?post=892"},{"taxonomy":"product_cat","embeddable":true,"href":"https:\/\/indie.rent\/catalogue\/wp-json\/wp\/v2\/product_cat?post=892"},{"taxonomy":"product_tag","embeddable":true,"href":"https:\/\/indie.rent\/catalogue\/wp-json\/wp\/v2\/product_tag?post=892"}],"curies":[{"name":"wp","href":"https:\/\/api.w.org\/{rel}","templated":true}]}}