{"id":891,"date":"2025-01-10T17:26:47","date_gmt":"2025-01-10T16:26:47","guid":{"rendered":"https:\/\/indie.rent\/catalogue\/produit\/jerrican-alimentaire-10l\/"},"modified":"2026-04-13T18:42:31","modified_gmt":"2026-04-13T16:42:31","slug":"jerrican-alimentaire-10l","status":"publish","type":"product","link":"https:\/\/indie.rent\/catalogue\/produit\/jerrican-alimentaire-10l\/","title":{"rendered":"Jerrican alimentaire &#8211; 10L"},"content":{"rendered":"<p>Jerrican d\u2019une capacit\u00e9 de 10L id\u00e9al pour le transport. <br \/>Il est pr\u00e9vu qu\u2019il soit utilis\u00e9 exclusivement avec de l\u2019eau. <br \/>L\u2019\u00e9coulement se fait via le bouchon d\u00e9vissable pr\u00e9sent sur le dessus du jerrican<\/p>\n","protected":false},"excerpt":{"rendered":"<p>Jerrican d\u2019une capacit\u00e9 de 10L id\u00e9al pour le transport. Il est pr\u00e9vu qu\u2019il soit utilis\u00e9 exclusivement avec de l\u2019eau. L\u2019\u00e9coulement se fait via le bouchon d\u00e9vissable pr\u00e9sent sur le dessus du jerrican<\/p>\n","protected":false},"featured_media":2394,"template":"","meta":{"inline_featured_image":false},"product_brand":[],"product_cat":[2144],"product_tag":[],"class_list":{"0":"post-891","1":"product","2":"type-product","3":"status-publish","4":"has-post-thumbnail","6":"product_cat-cafe-boissons","8":"first","9":"instock","10":"taxable","11":"shipping-taxable","12":"purchasable","13":"product-type-rentable"},"acf":[],"_links":{"self":[{"href":"https:\/\/indie.rent\/catalogue\/wp-json\/wp\/v2\/product\/891","targetHints":{"allow":["GET"]}}],"collection":[{"href":"https:\/\/indie.rent\/catalogue\/wp-json\/wp\/v2\/product"}],"about":[{"href":"https:\/\/indie.rent\/catalogue\/wp-json\/wp\/v2\/types\/product"}],"version-history":[{"count":0,"href":"https:\/\/indie.rent\/catalogue\/wp-json\/wp\/v2\/product\/891\/revisions"}],"wp:featuredmedia":[{"embeddable":true,"href":"https:\/\/indie.rent\/catalogue\/wp-json\/wp\/v2\/media\/2394"}],"wp:attachment":[{"href":"https:\/\/indie.rent\/catalogue\/wp-json\/wp\/v2\/media?parent=891"}],"wp:term":[{"taxonomy":"product_brand","embeddable":true,"href":"https:\/\/indie.rent\/catalogue\/wp-json\/wp\/v2\/product_brand?post=891"},{"taxonomy":"product_cat","embeddable":true,"href":"https:\/\/indie.rent\/catalogue\/wp-json\/wp\/v2\/product_cat?post=891"},{"taxonomy":"product_tag","embeddable":true,"href":"https:\/\/indie.rent\/catalogue\/wp-json\/wp\/v2\/product_tag?post=891"}],"curies":[{"name":"wp","href":"https:\/\/api.w.org\/{rel}","templated":true}]}}