{"id":890,"date":"2025-01-10T17:26:47","date_gmt":"2025-01-10T16:26:47","guid":{"rendered":"https:\/\/indie.rent\/catalogue\/produit\/bras-magique-camera-plongee-court\/"},"modified":"2026-04-30T17:05:22","modified_gmt":"2026-04-30T15:05:22","slug":"bras-magique-camera-plongee-court","status":"publish","type":"product","link":"https:\/\/indie.rent\/catalogue\/produit\/bras-magique-camera-plongee-court\/","title":{"rendered":"Bras Magique Cam\u00e9ra &#8211; Plong\u00e9e Court"},"content":{"rendered":"<p>Des bras magiques sont disponibles \u00e0 la location chez Indie pour ajuster au mieux vos configurations cam\u00e9ras.<\/p>\n","protected":false},"excerpt":{"rendered":"<p>Des bras magiques sont disponibles \u00e0 la location chez Indie pour ajuster au mieux vos configurations cam\u00e9ras.<\/p>\n","protected":false},"featured_media":2377,"template":"","meta":{"inline_featured_image":false},"product_brand":[],"product_cat":[1975],"product_tag":[],"class_list":{"0":"post-890","1":"product","2":"type-product","3":"status-publish","4":"has-post-thumbnail","6":"product_cat-bras-magique","8":"first","9":"instock","10":"taxable","11":"shipping-taxable","12":"purchasable","13":"product-type-rentable"},"acf":[],"_links":{"self":[{"href":"https:\/\/indie.rent\/catalogue\/wp-json\/wp\/v2\/product\/890","targetHints":{"allow":["GET"]}}],"collection":[{"href":"https:\/\/indie.rent\/catalogue\/wp-json\/wp\/v2\/product"}],"about":[{"href":"https:\/\/indie.rent\/catalogue\/wp-json\/wp\/v2\/types\/product"}],"version-history":[{"count":0,"href":"https:\/\/indie.rent\/catalogue\/wp-json\/wp\/v2\/product\/890\/revisions"}],"wp:featuredmedia":[{"embeddable":true,"href":"https:\/\/indie.rent\/catalogue\/wp-json\/wp\/v2\/media\/2377"}],"wp:attachment":[{"href":"https:\/\/indie.rent\/catalogue\/wp-json\/wp\/v2\/media?parent=890"}],"wp:term":[{"taxonomy":"product_brand","embeddable":true,"href":"https:\/\/indie.rent\/catalogue\/wp-json\/wp\/v2\/product_brand?post=890"},{"taxonomy":"product_cat","embeddable":true,"href":"https:\/\/indie.rent\/catalogue\/wp-json\/wp\/v2\/product_cat?post=890"},{"taxonomy":"product_tag","embeddable":true,"href":"https:\/\/indie.rent\/catalogue\/wp-json\/wp\/v2\/product_tag?post=890"}],"curies":[{"name":"wp","href":"https:\/\/api.w.org\/{rel}","templated":true}]}}