{"id":886,"date":"2025-01-10T17:26:45","date_gmt":"2025-01-10T16:26:45","guid":{"rendered":"https:\/\/indie.rent\/catalogue\/produit\/couteau-a-pain\/"},"modified":"2026-04-30T16:10:12","modified_gmt":"2026-04-30T14:10:12","slug":"couteau-a-pain","status":"publish","type":"product","link":"https:\/\/indie.rent\/catalogue\/produit\/couteau-a-pain\/","title":{"rendered":"Couteau \u00e0 Pain"},"content":{"rendered":"<p>Des couteaux \u00e0 pain avec tranchant dent\u00e9 sont disponible \u00e0 la location chez nous !<br \/>Longueur de 30 cm.<\/p>\n","protected":false},"excerpt":{"rendered":"<p>Des couteaux \u00e0 pain avec tranchant dent\u00e9 sont disponible \u00e0 la location chez nous !Longueur de 30 cm.<\/p>\n","protected":false},"featured_media":2357,"template":"","meta":{"inline_featured_image":false},"product_brand":[],"product_cat":[2145],"product_tag":[],"class_list":{"0":"post-886","1":"product","2":"type-product","3":"status-publish","4":"has-post-thumbnail","6":"product_cat-service","8":"first","9":"instock","10":"taxable","11":"shipping-taxable","12":"purchasable","13":"product-type-rentable"},"acf":[],"_links":{"self":[{"href":"https:\/\/indie.rent\/catalogue\/wp-json\/wp\/v2\/product\/886","targetHints":{"allow":["GET"]}}],"collection":[{"href":"https:\/\/indie.rent\/catalogue\/wp-json\/wp\/v2\/product"}],"about":[{"href":"https:\/\/indie.rent\/catalogue\/wp-json\/wp\/v2\/types\/product"}],"version-history":[{"count":0,"href":"https:\/\/indie.rent\/catalogue\/wp-json\/wp\/v2\/product\/886\/revisions"}],"wp:featuredmedia":[{"embeddable":true,"href":"https:\/\/indie.rent\/catalogue\/wp-json\/wp\/v2\/media\/2357"}],"wp:attachment":[{"href":"https:\/\/indie.rent\/catalogue\/wp-json\/wp\/v2\/media?parent=886"}],"wp:term":[{"taxonomy":"product_brand","embeddable":true,"href":"https:\/\/indie.rent\/catalogue\/wp-json\/wp\/v2\/product_brand?post=886"},{"taxonomy":"product_cat","embeddable":true,"href":"https:\/\/indie.rent\/catalogue\/wp-json\/wp\/v2\/product_cat?post=886"},{"taxonomy":"product_tag","embeddable":true,"href":"https:\/\/indie.rent\/catalogue\/wp-json\/wp\/v2\/product_tag?post=886"}],"curies":[{"name":"wp","href":"https:\/\/api.w.org\/{rel}","templated":true}]}}