{"id":884,"date":"2025-01-10T17:26:45","date_gmt":"2025-01-10T16:26:45","guid":{"rendered":"https:\/\/indie.rent\/catalogue\/produit\/couverture-de-demenagement\/"},"modified":"2026-04-04T00:15:31","modified_gmt":"2026-04-03T22:15:31","slug":"couverture-de-demenagement","status":"publish","type":"product","link":"https:\/\/indie.rent\/catalogue\/produit\/couverture-de-demenagement\/","title":{"rendered":"Couverture de d\u00e9m\u00e9nagement"},"content":{"rendered":"<p>Des couvertures de d\u00e9m\u00e9nagement sont disponibles \u00e0 la location chez nous. <\/p>\n<p>Dimensions moyenne : 1,3 m x 2,5 m<\/p>\n","protected":false},"excerpt":{"rendered":"<p>Des couvertures de d\u00e9m\u00e9nagement sont disponibles \u00e0 la location chez nous. Dimensions moyenne : 1,3 m x 2,5 m<\/p>\n","protected":false},"featured_media":2354,"template":"","meta":{"inline_featured_image":false},"product_brand":[],"product_cat":[2132],"product_tag":[],"class_list":{"0":"post-884","1":"product","2":"type-product","3":"status-publish","4":"has-post-thumbnail","6":"product_cat-protection","8":"first","9":"instock","10":"taxable","11":"shipping-taxable","12":"purchasable","13":"product-type-rentable"},"acf":[],"_links":{"self":[{"href":"https:\/\/indie.rent\/catalogue\/wp-json\/wp\/v2\/product\/884","targetHints":{"allow":["GET"]}}],"collection":[{"href":"https:\/\/indie.rent\/catalogue\/wp-json\/wp\/v2\/product"}],"about":[{"href":"https:\/\/indie.rent\/catalogue\/wp-json\/wp\/v2\/types\/product"}],"version-history":[{"count":0,"href":"https:\/\/indie.rent\/catalogue\/wp-json\/wp\/v2\/product\/884\/revisions"}],"wp:featuredmedia":[{"embeddable":true,"href":"https:\/\/indie.rent\/catalogue\/wp-json\/wp\/v2\/media\/2354"}],"wp:attachment":[{"href":"https:\/\/indie.rent\/catalogue\/wp-json\/wp\/v2\/media?parent=884"}],"wp:term":[{"taxonomy":"product_brand","embeddable":true,"href":"https:\/\/indie.rent\/catalogue\/wp-json\/wp\/v2\/product_brand?post=884"},{"taxonomy":"product_cat","embeddable":true,"href":"https:\/\/indie.rent\/catalogue\/wp-json\/wp\/v2\/product_cat?post=884"},{"taxonomy":"product_tag","embeddable":true,"href":"https:\/\/indie.rent\/catalogue\/wp-json\/wp\/v2\/product_tag?post=884"}],"curies":[{"name":"wp","href":"https:\/\/api.w.org\/{rel}","templated":true}]}}