{"id":878,"date":"2025-01-10T17:26:43","date_gmt":"2025-01-10T16:26:43","guid":{"rendered":"https:\/\/indie.rent\/catalogue\/produit\/kit-saladiers\/"},"modified":"2026-04-30T16:06:20","modified_gmt":"2026-04-30T14:06:20","slug":"kit-saladiers","status":"publish","type":"product","link":"https:\/\/indie.rent\/catalogue\/produit\/kit-saladiers\/","title":{"rendered":"Kit Saladiers"},"content":{"rendered":"<p>Ce pack se compose de trois saladiers en inox de tailles diff\u00e9rents. Ces saladiers peuvent s\u2019imbriquer et ainsi permettre un rangement et un stockage minime. Il peut \u00eatre fourni avec un couvercle en plastique \u00e0 la demande du r\u00e9gisseur.<\/p>\n","protected":false},"excerpt":{"rendered":"<p>Ce pack se compose de trois saladiers en inox de tailles diff\u00e9rents. Ces saladiers peuvent s\u2019imbriquer et ainsi permettre un rangement et un stockage minime. Il peut \u00eatre fourni avec un couvercle en plastique \u00e0 la demande du r\u00e9gisseur.<\/p>\n","protected":false},"featured_media":2325,"template":"","meta":{"inline_featured_image":false},"product_brand":[],"product_cat":[2145],"product_tag":[],"class_list":{"0":"post-878","1":"product","2":"type-product","3":"status-publish","4":"has-post-thumbnail","6":"product_cat-service","8":"first","9":"instock","10":"taxable","11":"shipping-taxable","12":"purchasable","13":"product-type-rentable"},"acf":[],"_links":{"self":[{"href":"https:\/\/indie.rent\/catalogue\/wp-json\/wp\/v2\/product\/878","targetHints":{"allow":["GET"]}}],"collection":[{"href":"https:\/\/indie.rent\/catalogue\/wp-json\/wp\/v2\/product"}],"about":[{"href":"https:\/\/indie.rent\/catalogue\/wp-json\/wp\/v2\/types\/product"}],"version-history":[{"count":0,"href":"https:\/\/indie.rent\/catalogue\/wp-json\/wp\/v2\/product\/878\/revisions"}],"wp:featuredmedia":[{"embeddable":true,"href":"https:\/\/indie.rent\/catalogue\/wp-json\/wp\/v2\/media\/2325"}],"wp:attachment":[{"href":"https:\/\/indie.rent\/catalogue\/wp-json\/wp\/v2\/media?parent=878"}],"wp:term":[{"taxonomy":"product_brand","embeddable":true,"href":"https:\/\/indie.rent\/catalogue\/wp-json\/wp\/v2\/product_brand?post=878"},{"taxonomy":"product_cat","embeddable":true,"href":"https:\/\/indie.rent\/catalogue\/wp-json\/wp\/v2\/product_cat?post=878"},{"taxonomy":"product_tag","embeddable":true,"href":"https:\/\/indie.rent\/catalogue\/wp-json\/wp\/v2\/product_tag?post=878"}],"curies":[{"name":"wp","href":"https:\/\/api.w.org\/{rel}","templated":true}]}}