{"id":877,"date":"2025-01-10T17:26:43","date_gmt":"2025-01-10T16:26:43","guid":{"rendered":"https:\/\/indie.rent\/catalogue\/produit\/planche-a-decouper\/"},"modified":"2026-04-16T17:32:27","modified_gmt":"2026-04-16T15:32:27","slug":"planche-a-decouper","status":"publish","type":"product","link":"https:\/\/indie.rent\/catalogue\/produit\/planche-a-decouper\/","title":{"rendered":"Planche \u00e0 d\u00e9couper"},"content":{"rendered":"<p>Planche \u00e0 d\u00e9couper<\/p>\n","protected":false},"excerpt":{"rendered":"<p>Planche \u00e0 d\u00e9couper<\/p>\n","protected":false},"featured_media":2323,"template":"","meta":{"inline_featured_image":false},"product_brand":[],"product_cat":[2145],"product_tag":[],"class_list":{"0":"post-877","1":"product","2":"type-product","3":"status-publish","4":"has-post-thumbnail","6":"product_cat-service","8":"first","9":"instock","10":"taxable","11":"shipping-taxable","12":"purchasable","13":"product-type-rentable"},"acf":[],"_links":{"self":[{"href":"https:\/\/indie.rent\/catalogue\/wp-json\/wp\/v2\/product\/877","targetHints":{"allow":["GET"]}}],"collection":[{"href":"https:\/\/indie.rent\/catalogue\/wp-json\/wp\/v2\/product"}],"about":[{"href":"https:\/\/indie.rent\/catalogue\/wp-json\/wp\/v2\/types\/product"}],"version-history":[{"count":0,"href":"https:\/\/indie.rent\/catalogue\/wp-json\/wp\/v2\/product\/877\/revisions"}],"wp:featuredmedia":[{"embeddable":true,"href":"https:\/\/indie.rent\/catalogue\/wp-json\/wp\/v2\/media\/2323"}],"wp:attachment":[{"href":"https:\/\/indie.rent\/catalogue\/wp-json\/wp\/v2\/media?parent=877"}],"wp:term":[{"taxonomy":"product_brand","embeddable":true,"href":"https:\/\/indie.rent\/catalogue\/wp-json\/wp\/v2\/product_brand?post=877"},{"taxonomy":"product_cat","embeddable":true,"href":"https:\/\/indie.rent\/catalogue\/wp-json\/wp\/v2\/product_cat?post=877"},{"taxonomy":"product_tag","embeddable":true,"href":"https:\/\/indie.rent\/catalogue\/wp-json\/wp\/v2\/product_tag?post=877"}],"curies":[{"name":"wp","href":"https:\/\/api.w.org\/{rel}","templated":true}]}}