{"id":866,"date":"2025-01-10T17:26:39","date_gmt":"2025-01-10T16:26:39","guid":{"rendered":"https:\/\/indie.rent\/catalogue\/produit\/barrette-de-fixation-pour-boitier-photo\/"},"modified":"2026-04-14T15:13:07","modified_gmt":"2026-04-14T13:13:07","slug":"barrette-de-fixation-pour-boitier-photo","status":"publish","type":"product","link":"https:\/\/indie.rent\/catalogue\/produit\/barrette-de-fixation-pour-boitier-photo\/","title":{"rendered":"Barrette de Fixation pour Bo\u00eetier Photo"},"content":{"rendered":"<p>Des barrettes de fixation pour bras magique sont disponibles chez Indie afin de vous permettre diff\u00e9rentes accroches de cam\u00e9ras l\u00e9g\u00e8res ou encore de configurations de configurations de moniteurs, etc.<\/p>\n","protected":false},"excerpt":{"rendered":"<p>Des barrettes de fixation pour bras magique sont disponibles chez Indie afin de vous permettre diff\u00e9rentes accroches de cam\u00e9ras l\u00e9g\u00e8res ou encore de configurations de configurations de moniteurs, etc.<\/p>\n","protected":false},"featured_media":2194,"template":"","meta":{"inline_featured_image":false},"product_brand":[],"product_cat":[1976],"product_tag":[],"class_list":{"0":"post-866","1":"product","2":"type-product","3":"status-publish","4":"has-post-thumbnail","6":"product_cat-accroches-accessoires","8":"first","9":"instock","10":"taxable","11":"shipping-taxable","12":"purchasable","13":"product-type-rentable"},"acf":[],"_links":{"self":[{"href":"https:\/\/indie.rent\/catalogue\/wp-json\/wp\/v2\/product\/866","targetHints":{"allow":["GET"]}}],"collection":[{"href":"https:\/\/indie.rent\/catalogue\/wp-json\/wp\/v2\/product"}],"about":[{"href":"https:\/\/indie.rent\/catalogue\/wp-json\/wp\/v2\/types\/product"}],"version-history":[{"count":0,"href":"https:\/\/indie.rent\/catalogue\/wp-json\/wp\/v2\/product\/866\/revisions"}],"wp:featuredmedia":[{"embeddable":true,"href":"https:\/\/indie.rent\/catalogue\/wp-json\/wp\/v2\/media\/2194"}],"wp:attachment":[{"href":"https:\/\/indie.rent\/catalogue\/wp-json\/wp\/v2\/media?parent=866"}],"wp:term":[{"taxonomy":"product_brand","embeddable":true,"href":"https:\/\/indie.rent\/catalogue\/wp-json\/wp\/v2\/product_brand?post=866"},{"taxonomy":"product_cat","embeddable":true,"href":"https:\/\/indie.rent\/catalogue\/wp-json\/wp\/v2\/product_cat?post=866"},{"taxonomy":"product_tag","embeddable":true,"href":"https:\/\/indie.rent\/catalogue\/wp-json\/wp\/v2\/product_tag?post=866"}],"curies":[{"name":"wp","href":"https:\/\/api.w.org\/{rel}","templated":true}]}}