{"id":865,"date":"2025-01-10T17:26:38","date_gmt":"2025-01-10T16:26:38","guid":{"rendered":"https:\/\/indie.rent\/catalogue\/produit\/ventilateur-60cm\/"},"modified":"2026-04-16T17:21:04","modified_gmt":"2026-04-16T15:21:04","slug":"ventilateur-60cm","status":"publish","type":"product","link":"https:\/\/indie.rent\/catalogue\/produit\/ventilateur-60cm\/","title":{"rendered":"Ventilateur 60cm"},"content":{"rendered":"<p>Ce brasseur d\u2019air peut autant servir \u00e0 ventiler bureau de production \/ loge \/ pi\u00e8ce r\u00e9gie lors de vos tournages en p\u00e9riodes chaudes ; qu\u2019\u00e0 la mise en place d\u2019effet sp\u00e9ciaux lors du tournage ou bien d\u2019un shooting.<br \/>Il b\u00e9n\u00e9ficie de trois vitesses dont le fonctionnement est relativement silencieux et la ventilation rapide. Gr\u00e2ce \u00e0 son diam\u00e8tre de 60 cm et son d\u00e9bit d&#8217;air de 1750m3\/h il assurera une meilleure circulation de l&#8217;air dans la pi\u00e8ce o\u00f9 il se trouve.<\/p>\n<p>Orientable, vous pourrez le disposer comme vous le souhaitez. Ses pales en aluminium sont plus qu&#8217;efficace et non bruyante !<\/p>\n<p>Caract\u00e9ristiques : <br \/>Puissance : 100 W<br \/>Nombre de vitesses : 3 vitesse(s)<br \/>Poids : \u2248 4kg<\/p>\n","protected":false},"excerpt":{"rendered":"<p>Ce brasseur d\u2019air peut autant servir \u00e0 ventiler bureau de production \/ loge \/ pi\u00e8ce r\u00e9gie lors de vos tournages en p\u00e9riodes chaudes ; qu\u2019\u00e0 la mise en place d\u2019effet sp\u00e9ciaux lors du tournage ou bien d\u2019un shooting.Il b\u00e9n\u00e9ficie de trois vitesses dont le fonctionnement est relativement silencieux et la ventilation rapide. Gr\u00e2ce \u00e0 son [&hellip;]<\/p>\n","protected":false},"featured_media":2154,"template":"","meta":{"inline_featured_image":false},"product_brand":[],"product_cat":[2142],"product_tag":[],"class_list":{"0":"post-865","1":"product","2":"type-product","3":"status-publish","4":"has-post-thumbnail","6":"product_cat-ventilateur","8":"first","9":"instock","10":"taxable","11":"shipping-taxable","12":"purchasable","13":"product-type-rentable"},"acf":[],"_links":{"self":[{"href":"https:\/\/indie.rent\/catalogue\/wp-json\/wp\/v2\/product\/865","targetHints":{"allow":["GET"]}}],"collection":[{"href":"https:\/\/indie.rent\/catalogue\/wp-json\/wp\/v2\/product"}],"about":[{"href":"https:\/\/indie.rent\/catalogue\/wp-json\/wp\/v2\/types\/product"}],"version-history":[{"count":0,"href":"https:\/\/indie.rent\/catalogue\/wp-json\/wp\/v2\/product\/865\/revisions"}],"wp:featuredmedia":[{"embeddable":true,"href":"https:\/\/indie.rent\/catalogue\/wp-json\/wp\/v2\/media\/2154"}],"wp:attachment":[{"href":"https:\/\/indie.rent\/catalogue\/wp-json\/wp\/v2\/media?parent=865"}],"wp:term":[{"taxonomy":"product_brand","embeddable":true,"href":"https:\/\/indie.rent\/catalogue\/wp-json\/wp\/v2\/product_brand?post=865"},{"taxonomy":"product_cat","embeddable":true,"href":"https:\/\/indie.rent\/catalogue\/wp-json\/wp\/v2\/product_cat?post=865"},{"taxonomy":"product_tag","embeddable":true,"href":"https:\/\/indie.rent\/catalogue\/wp-json\/wp\/v2\/product_tag?post=865"}],"curies":[{"name":"wp","href":"https:\/\/api.w.org\/{rel}","templated":true}]}}