{"id":858,"date":"2025-01-10T17:26:36","date_gmt":"2025-01-10T16:26:36","guid":{"rendered":"https:\/\/indie.rent\/catalogue\/produit\/bache-de-protection\/"},"modified":"2026-04-16T13:25:18","modified_gmt":"2026-04-16T11:25:18","slug":"bache-de-protection","status":"publish","type":"product","link":"https:\/\/indie.rent\/catalogue\/produit\/bache-de-protection\/","title":{"rendered":"Bache de Protection"},"content":{"rendered":"<p>Des b\u00e2ches de protections sont disponibles \u00e0 la location chez Indie. <\/p>\n<p>Disponible en diff\u00e9rents coloris : <br \/>&#8211; bleu<br \/>&#8211; vert \/ kaki \/ militaire <br \/>&#8211; translucide <\/p>\n<p>Si pas de demande particuli\u00e8re, les b\u00e2ches seront fournis selon les coloris disponible en stock.<\/p>\n","protected":false},"excerpt":{"rendered":"<p>Des b\u00e2ches de protections sont disponibles \u00e0 la location chez Indie. Disponible en diff\u00e9rents coloris : &#8211; bleu&#8211; vert \/ kaki \/ militaire &#8211; translucide Si pas de demande particuli\u00e8re, les b\u00e2ches seront fournis selon les coloris disponible en stock.<\/p>\n","protected":false},"featured_media":2089,"template":"","meta":{"inline_featured_image":false},"product_brand":[],"product_cat":[2132],"product_tag":[],"class_list":{"0":"post-858","1":"product","2":"type-product","3":"status-publish","4":"has-post-thumbnail","6":"product_cat-protection","8":"first","9":"instock","10":"taxable","11":"shipping-taxable","12":"purchasable","13":"product-type-rentable"},"acf":[],"_links":{"self":[{"href":"https:\/\/indie.rent\/catalogue\/wp-json\/wp\/v2\/product\/858","targetHints":{"allow":["GET"]}}],"collection":[{"href":"https:\/\/indie.rent\/catalogue\/wp-json\/wp\/v2\/product"}],"about":[{"href":"https:\/\/indie.rent\/catalogue\/wp-json\/wp\/v2\/types\/product"}],"version-history":[{"count":0,"href":"https:\/\/indie.rent\/catalogue\/wp-json\/wp\/v2\/product\/858\/revisions"}],"wp:featuredmedia":[{"embeddable":true,"href":"https:\/\/indie.rent\/catalogue\/wp-json\/wp\/v2\/media\/2089"}],"wp:attachment":[{"href":"https:\/\/indie.rent\/catalogue\/wp-json\/wp\/v2\/media?parent=858"}],"wp:term":[{"taxonomy":"product_brand","embeddable":true,"href":"https:\/\/indie.rent\/catalogue\/wp-json\/wp\/v2\/product_brand?post=858"},{"taxonomy":"product_cat","embeddable":true,"href":"https:\/\/indie.rent\/catalogue\/wp-json\/wp\/v2\/product_cat?post=858"},{"taxonomy":"product_tag","embeddable":true,"href":"https:\/\/indie.rent\/catalogue\/wp-json\/wp\/v2\/product_tag?post=858"}],"curies":[{"name":"wp","href":"https:\/\/api.w.org\/{rel}","templated":true}]}}