{"id":853,"date":"2025-01-10T17:26:34","date_gmt":"2025-01-10T16:26:34","guid":{"rendered":"https:\/\/indie.rent\/catalogue\/produit\/panneau-route-barree\/"},"modified":"2026-04-13T18:27:15","modified_gmt":"2026-04-13T16:27:15","slug":"panneau-route-barree","status":"publish","type":"product","link":"https:\/\/indie.rent\/catalogue\/produit\/panneau-route-barree\/","title":{"rendered":"Panneau &#8221; Route barr\u00e9e &#8220;"},"content":{"rendered":"<p>Des panneaux &#8221; Route barr\u00e9e &#8221; sont disponibles \u00e0 la location chez Indie !<\/p>\n","protected":false},"excerpt":{"rendered":"<p>Des panneaux &#8221; Route barr\u00e9e &#8221; sont disponibles \u00e0 la location chez Indie !<\/p>\n","protected":false},"featured_media":3541,"template":"","meta":{"inline_featured_image":false},"product_brand":[],"product_cat":[2152],"product_tag":[],"class_list":{"0":"post-853","1":"product","2":"type-product","3":"status-publish","4":"has-post-thumbnail","6":"product_cat-signaletique","8":"first","9":"instock","10":"taxable","11":"shipping-taxable","12":"purchasable","13":"product-type-rentable"},"acf":[],"_links":{"self":[{"href":"https:\/\/indie.rent\/catalogue\/wp-json\/wp\/v2\/product\/853","targetHints":{"allow":["GET"]}}],"collection":[{"href":"https:\/\/indie.rent\/catalogue\/wp-json\/wp\/v2\/product"}],"about":[{"href":"https:\/\/indie.rent\/catalogue\/wp-json\/wp\/v2\/types\/product"}],"version-history":[{"count":0,"href":"https:\/\/indie.rent\/catalogue\/wp-json\/wp\/v2\/product\/853\/revisions"}],"wp:featuredmedia":[{"embeddable":true,"href":"https:\/\/indie.rent\/catalogue\/wp-json\/wp\/v2\/media\/3541"}],"wp:attachment":[{"href":"https:\/\/indie.rent\/catalogue\/wp-json\/wp\/v2\/media?parent=853"}],"wp:term":[{"taxonomy":"product_brand","embeddable":true,"href":"https:\/\/indie.rent\/catalogue\/wp-json\/wp\/v2\/product_brand?post=853"},{"taxonomy":"product_cat","embeddable":true,"href":"https:\/\/indie.rent\/catalogue\/wp-json\/wp\/v2\/product_cat?post=853"},{"taxonomy":"product_tag","embeddable":true,"href":"https:\/\/indie.rent\/catalogue\/wp-json\/wp\/v2\/product_tag?post=853"}],"curies":[{"name":"wp","href":"https:\/\/api.w.org\/{rel}","templated":true}]}}