{"id":850,"date":"2025-01-10T17:26:34","date_gmt":"2025-01-10T16:26:34","guid":{"rendered":"https:\/\/indie.rent\/catalogue\/produit\/paravent\/"},"modified":"2026-04-14T15:03:25","modified_gmt":"2026-04-14T13:03:25","slug":"paravent","status":"publish","type":"product","link":"https:\/\/indie.rent\/catalogue\/produit\/paravent\/","title":{"rendered":"Paravent"},"content":{"rendered":"<p>Des paravents sont disponibles \u00e0 la location chez nous ! <\/p>\n<p>Id\u00e9aux pour organiser vos loges et ainsi permettre un peu plus d&#8217;intimit\u00e9 pour vos com\u00e9diens. <br \/>Existe en tissu et en bois (selon disponibilit\u00e9)<\/p>\n<p>\u00a0<\/p>\n<p>Dimensions :\u00a0<\/p>\n<p>Hauteur : 180cm<\/p>\n<p>Largeur : 40cm (x3 d\u00e9pli\u00e9)<\/p>\n","protected":false},"excerpt":{"rendered":"<p>Des paravents sont disponibles \u00e0 la location chez nous ! Id\u00e9aux pour organiser vos loges et ainsi permettre un peu plus d&#8217;intimit\u00e9 pour vos com\u00e9diens. Existe en tissu et en bois (selon disponibilit\u00e9) \u00a0 Dimensions :\u00a0 Hauteur : 180cm Largeur : 40cm (x3 d\u00e9pli\u00e9)<\/p>\n","protected":false},"featured_media":2058,"template":"","meta":{"inline_featured_image":false},"product_brand":[],"product_cat":[2150],"product_tag":[],"class_list":{"0":"post-850","1":"product","2":"type-product","3":"status-publish","4":"has-post-thumbnail","6":"product_cat-loge","8":"first","9":"instock","10":"taxable","11":"shipping-taxable","12":"purchasable","13":"product-type-rentable"},"acf":[],"_links":{"self":[{"href":"https:\/\/indie.rent\/catalogue\/wp-json\/wp\/v2\/product\/850","targetHints":{"allow":["GET"]}}],"collection":[{"href":"https:\/\/indie.rent\/catalogue\/wp-json\/wp\/v2\/product"}],"about":[{"href":"https:\/\/indie.rent\/catalogue\/wp-json\/wp\/v2\/types\/product"}],"version-history":[{"count":0,"href":"https:\/\/indie.rent\/catalogue\/wp-json\/wp\/v2\/product\/850\/revisions"}],"wp:featuredmedia":[{"embeddable":true,"href":"https:\/\/indie.rent\/catalogue\/wp-json\/wp\/v2\/media\/2058"}],"wp:attachment":[{"href":"https:\/\/indie.rent\/catalogue\/wp-json\/wp\/v2\/media?parent=850"}],"wp:term":[{"taxonomy":"product_brand","embeddable":true,"href":"https:\/\/indie.rent\/catalogue\/wp-json\/wp\/v2\/product_brand?post=850"},{"taxonomy":"product_cat","embeddable":true,"href":"https:\/\/indie.rent\/catalogue\/wp-json\/wp\/v2\/product_cat?post=850"},{"taxonomy":"product_tag","embeddable":true,"href":"https:\/\/indie.rent\/catalogue\/wp-json\/wp\/v2\/product_tag?post=850"}],"curies":[{"name":"wp","href":"https:\/\/api.w.org\/{rel}","templated":true}]}}