{"id":814,"date":"2025-01-10T17:26:16","date_gmt":"2025-01-10T16:26:16","guid":{"rendered":"https:\/\/indie.rent\/catalogue\/produit\/plaque-v-lock-a-visser-medium\/"},"modified":"2026-04-10T10:31:58","modified_gmt":"2026-04-10T08:31:58","slug":"plaque-v-lock-a-visser-medium","status":"publish","type":"product","link":"https:\/\/indie.rent\/catalogue\/produit\/plaque-v-lock-a-visser-medium\/","title":{"rendered":"Plaque V-Lock \u00e0 Visser &#8211; Medium"},"content":{"rendered":"<p>Cette plaque \u00e0 visser s&#8217;adaptera \u00e0 vos cages de cam\u00e9ras ou de moniteurs afin de vous permettre d&#8217;alimenter facilement vos appareils.<\/p>\n","protected":false},"excerpt":{"rendered":"<p>Cette plaque \u00e0 visser s&#8217;adaptera \u00e0 vos cages de cam\u00e9ras ou de moniteurs afin de vous permettre d&#8217;alimenter facilement vos appareils.<\/p>\n","protected":false},"featured_media":2526,"template":"","meta":{"inline_featured_image":false},"product_brand":[],"product_cat":[1978],"product_tag":[],"class_list":{"0":"post-814","1":"product","2":"type-product","3":"status-publish","4":"has-post-thumbnail","6":"product_cat-accroches-vlock","8":"first","9":"instock","10":"taxable","11":"shipping-taxable","12":"purchasable","13":"product-type-rentable"},"acf":[],"_links":{"self":[{"href":"https:\/\/indie.rent\/catalogue\/wp-json\/wp\/v2\/product\/814","targetHints":{"allow":["GET"]}}],"collection":[{"href":"https:\/\/indie.rent\/catalogue\/wp-json\/wp\/v2\/product"}],"about":[{"href":"https:\/\/indie.rent\/catalogue\/wp-json\/wp\/v2\/types\/product"}],"version-history":[{"count":0,"href":"https:\/\/indie.rent\/catalogue\/wp-json\/wp\/v2\/product\/814\/revisions"}],"wp:featuredmedia":[{"embeddable":true,"href":"https:\/\/indie.rent\/catalogue\/wp-json\/wp\/v2\/media\/2526"}],"wp:attachment":[{"href":"https:\/\/indie.rent\/catalogue\/wp-json\/wp\/v2\/media?parent=814"}],"wp:term":[{"taxonomy":"product_brand","embeddable":true,"href":"https:\/\/indie.rent\/catalogue\/wp-json\/wp\/v2\/product_brand?post=814"},{"taxonomy":"product_cat","embeddable":true,"href":"https:\/\/indie.rent\/catalogue\/wp-json\/wp\/v2\/product_cat?post=814"},{"taxonomy":"product_tag","embeddable":true,"href":"https:\/\/indie.rent\/catalogue\/wp-json\/wp\/v2\/product_tag?post=814"}],"curies":[{"name":"wp","href":"https:\/\/api.w.org\/{rel}","templated":true}]}}