{"id":801,"date":"2025-01-10T17:26:12","date_gmt":"2025-01-10T16:26:12","guid":{"rendered":"https:\/\/indie.rent\/catalogue\/produit\/cone-de-lubeck\/"},"modified":"2026-04-16T17:14:56","modified_gmt":"2026-04-16T15:14:56","slug":"cone-de-lubeck","status":"publish","type":"product","link":"https:\/\/indie.rent\/catalogue\/produit\/cone-de-lubeck\/","title":{"rendered":"C\u00f4ne de L\u00fcbeck"},"content":{"rendered":"<p>Des c\u00f4nes de signalisation sont disponibles \u00e0 la location chez nous !<\/p>\n","protected":false},"excerpt":{"rendered":"<p>Des c\u00f4nes de signalisation sont disponibles \u00e0 la location chez nous !<\/p>\n","protected":false},"featured_media":3537,"template":"","meta":{"inline_featured_image":false},"product_brand":[],"product_cat":[2152],"product_tag":[],"class_list":{"0":"post-801","1":"product","2":"type-product","3":"status-publish","4":"has-post-thumbnail","6":"product_cat-signaletique","8":"first","9":"instock","10":"taxable","11":"shipping-taxable","12":"purchasable","13":"product-type-rentable"},"acf":[],"_links":{"self":[{"href":"https:\/\/indie.rent\/catalogue\/wp-json\/wp\/v2\/product\/801","targetHints":{"allow":["GET"]}}],"collection":[{"href":"https:\/\/indie.rent\/catalogue\/wp-json\/wp\/v2\/product"}],"about":[{"href":"https:\/\/indie.rent\/catalogue\/wp-json\/wp\/v2\/types\/product"}],"version-history":[{"count":0,"href":"https:\/\/indie.rent\/catalogue\/wp-json\/wp\/v2\/product\/801\/revisions"}],"wp:featuredmedia":[{"embeddable":true,"href":"https:\/\/indie.rent\/catalogue\/wp-json\/wp\/v2\/media\/3537"}],"wp:attachment":[{"href":"https:\/\/indie.rent\/catalogue\/wp-json\/wp\/v2\/media?parent=801"}],"wp:term":[{"taxonomy":"product_brand","embeddable":true,"href":"https:\/\/indie.rent\/catalogue\/wp-json\/wp\/v2\/product_brand?post=801"},{"taxonomy":"product_cat","embeddable":true,"href":"https:\/\/indie.rent\/catalogue\/wp-json\/wp\/v2\/product_cat?post=801"},{"taxonomy":"product_tag","embeddable":true,"href":"https:\/\/indie.rent\/catalogue\/wp-json\/wp\/v2\/product_tag?post=801"}],"curies":[{"name":"wp","href":"https:\/\/api.w.org\/{rel}","templated":true}]}}