{"id":800,"date":"2025-01-10T17:26:11","date_gmt":"2025-01-10T16:26:11","guid":{"rendered":"https:\/\/indie.rent\/catalogue\/produit\/moniteur-smallhd-7-ultra-7-recepteur-teradek-bolt-6-lt-1500-integre\/"},"modified":"2026-04-16T18:15:37","modified_gmt":"2026-04-16T16:15:37","slug":"moniteur-smallhd-7-ultra-7-recepteur-teradek-bolt-6-lt-1500-integre","status":"publish","type":"product","link":"https:\/\/indie.rent\/catalogue\/produit\/moniteur-smallhd-7-ultra-7-recepteur-teradek-bolt-6-lt-1500-integre\/","title":{"rendered":"Moniteur SmallHD 7&#8243; &#8211; Ultra 7 + R\u00e9cepteur Teradek Bolt 6 LT 1500 Int\u00e9gr\u00e9"},"content":{"rendered":"","protected":false},"excerpt":{"rendered":"","protected":false},"featured_media":3365,"template":"","meta":{"inline_featured_image":false},"product_brand":[],"product_cat":[1965],"product_tag":[],"class_list":{"0":"post-800","1":"product","2":"type-product","3":"status-publish","4":"has-post-thumbnail","6":"product_cat-transmission-video-hf","8":"first","9":"instock","10":"taxable","11":"shipping-taxable","12":"purchasable","13":"product-type-rentable"},"acf":[],"_links":{"self":[{"href":"https:\/\/indie.rent\/catalogue\/wp-json\/wp\/v2\/product\/800","targetHints":{"allow":["GET"]}}],"collection":[{"href":"https:\/\/indie.rent\/catalogue\/wp-json\/wp\/v2\/product"}],"about":[{"href":"https:\/\/indie.rent\/catalogue\/wp-json\/wp\/v2\/types\/product"}],"version-history":[{"count":0,"href":"https:\/\/indie.rent\/catalogue\/wp-json\/wp\/v2\/product\/800\/revisions"}],"wp:featuredmedia":[{"embeddable":true,"href":"https:\/\/indie.rent\/catalogue\/wp-json\/wp\/v2\/media\/3365"}],"wp:attachment":[{"href":"https:\/\/indie.rent\/catalogue\/wp-json\/wp\/v2\/media?parent=800"}],"wp:term":[{"taxonomy":"product_brand","embeddable":true,"href":"https:\/\/indie.rent\/catalogue\/wp-json\/wp\/v2\/product_brand?post=800"},{"taxonomy":"product_cat","embeddable":true,"href":"https:\/\/indie.rent\/catalogue\/wp-json\/wp\/v2\/product_cat?post=800"},{"taxonomy":"product_tag","embeddable":true,"href":"https:\/\/indie.rent\/catalogue\/wp-json\/wp\/v2\/product_tag?post=800"}],"curies":[{"name":"wp","href":"https:\/\/api.w.org\/{rel}","templated":true}]}}