{"id":788,"date":"2025-01-09T10:07:40","date_gmt":"2025-01-09T09:07:40","guid":{"rendered":"https:\/\/indie.rent\/catalogue\/produit\/m90\/"},"modified":"2026-04-15T17:06:30","modified_gmt":"2026-04-15T15:06:30","slug":"projecteur-hmi-arri-m90","status":"publish","type":"product","link":"https:\/\/indie.rent\/catalogue\/produit\/projecteur-hmi-arri-m90\/","title":{"rendered":"Projecteur HMI ARRI M90"},"content":{"rendered":"<p>Le M90 est le grand fr\u00e8re du M40 et garde par la m\u00eame les qualit\u00e9s qui font de la s\u00e9rie M des best sellers : un rapport poids puissance impressionnant par rapport \u00e0 l\u2019a,vie,,e g\u00e9n\u00e9ration de ARRISUN, une versatilit\u00e9 de puissance puisque la t\u00eate peut \u00eatre lamp\u00e9e en 6kw et il reprends \u00e9galement la m\u00eame gamme de ballast \u00e9lectronique ultra performant qui permettent de travailler en tr\u00e8s hautes vitesses sans aucun soucis de flickering ainsi que la possibilit\u00e9 de dimmer la puissance.<\/p>\n<p>Caract\u00e9ristiques principales :<\/p>\n<p>&#8211; Le refroidissement transversal permet de travailler en toute s\u00e9curit\u00e9 dans des angles d&#8217;inclinaison extr\u00eames,<br \/>&#8211; Peut aussi \u00eatre lamp\u00e9 en 6kW,<br \/>&#8211; Temp\u00e9rature de couleur : 6 000 K,<br \/>&#8211; Angle du faisceau: 16\u00b0 \u00e0 49\u00b0 (avec une lampe de 9 000 W),<br \/>&#8211; Fixation : spigot 28mm,<br \/>&#8211; Dimensions ( spigot compris) : 814 x 713 x 720 mm<br \/>&#8211; Poids : 47 kg<\/p>\n","protected":false},"excerpt":{"rendered":"<p>Le M90 est le grand fr\u00e8re du M40 et garde par la m\u00eame les qualit\u00e9s qui font de la s\u00e9rie M des best sellers : un rapport poids puissance impressionnant par rapport \u00e0 l\u2019a,vie,,e g\u00e9n\u00e9ration de ARRISUN, une versatilit\u00e9 de puissance puisque la t\u00eate peut \u00eatre lamp\u00e9e en 6kw et il reprends \u00e9galement la m\u00eame [&hellip;]<\/p>\n","protected":false},"featured_media":2465,"template":"","meta":{"inline_featured_image":false},"product_brand":[],"product_cat":[2020],"product_tag":[],"class_list":{"0":"post-788","1":"product","2":"type-product","3":"status-publish","4":"has-post-thumbnail","6":"product_cat-hmi-high-speed","8":"first","9":"instock","10":"taxable","11":"shipping-taxable","12":"purchasable","13":"product-type-rentable"},"acf":[],"_links":{"self":[{"href":"https:\/\/indie.rent\/catalogue\/wp-json\/wp\/v2\/product\/788","targetHints":{"allow":["GET"]}}],"collection":[{"href":"https:\/\/indie.rent\/catalogue\/wp-json\/wp\/v2\/product"}],"about":[{"href":"https:\/\/indie.rent\/catalogue\/wp-json\/wp\/v2\/types\/product"}],"version-history":[{"count":0,"href":"https:\/\/indie.rent\/catalogue\/wp-json\/wp\/v2\/product\/788\/revisions"}],"wp:featuredmedia":[{"embeddable":true,"href":"https:\/\/indie.rent\/catalogue\/wp-json\/wp\/v2\/media\/2465"}],"wp:attachment":[{"href":"https:\/\/indie.rent\/catalogue\/wp-json\/wp\/v2\/media?parent=788"}],"wp:term":[{"taxonomy":"product_brand","embeddable":true,"href":"https:\/\/indie.rent\/catalogue\/wp-json\/wp\/v2\/product_brand?post=788"},{"taxonomy":"product_cat","embeddable":true,"href":"https:\/\/indie.rent\/catalogue\/wp-json\/wp\/v2\/product_cat?post=788"},{"taxonomy":"product_tag","embeddable":true,"href":"https:\/\/indie.rent\/catalogue\/wp-json\/wp\/v2\/product_tag?post=788"}],"curies":[{"name":"wp","href":"https:\/\/api.w.org\/{rel}","templated":true}]}}