{"id":785,"date":"2025-01-09T10:07:38","date_gmt":"2025-01-09T09:07:38","guid":{"rendered":"https:\/\/indie.rent\/catalogue\/produit\/kit-8-astera-titan\/"},"modified":"2026-04-04T00:19:50","modified_gmt":"2026-04-03T22:19:50","slug":"projecteur-astera-kit-8-titan","status":"publish","type":"product","link":"https:\/\/indie.rent\/catalogue\/produit\/projecteur-astera-kit-8-titan\/","title":{"rendered":"Projecteur ASTERA Kit 8 Titan"},"content":{"rendered":"<p>Tube LED RGBMA de r\u00e9f\u00e9rence, le Astera Titan Tube est devenu un standard sur les tournages cin\u00e9ma, t\u00e9l\u00e9vision et publicit\u00e9 pour les \u00e9clairages cr\u00e9atifs et les effets lumineux.<\/p>\n<p>Il combine une grande pr\u00e9cision colorim\u00e9trique, un contr\u00f4le pixel avanc\u00e9 et une batterie int\u00e9gr\u00e9e, offrant une solution totalement autonome utilisable en int\u00e9rieur comme en ext\u00e9rieur.<\/p>\n<p>Caract\u00e9ristiques principales :<\/p>\n<p>Source : LED RGBMA (Red, Green, Blue, Mint, Amber)<br \/>Temp\u00e9rature de couleur : 1 750K \u2013 20 000K<br \/>CRI \/ TLCI : \u2265 96<br \/>Puissance : 72W<br \/>Alimentation : batterie int\u00e9gr\u00e9e + secteur (Prise Secteur individuelle disponible \u00e0 la location)<br \/>Autonomie de la batterie : jusqu&#8217;\u00e0 20H (1H45 si puissance MAX)<br \/>Contr\u00f4le : DMX \/ CRMX \/ Bluetooth (AsteraApp)<br \/>Pixel mapping : 16 pixels<br \/>\u00c9tanch\u00e9it\u00e9 : IP65<br \/>Dimensions : \u00d8 42 mm \u00d7 1035 mm<br \/>Poids : env. 1,35 kg<\/p>\n","protected":false},"excerpt":{"rendered":"<p>Tube LED RGBMA de r\u00e9f\u00e9rence, le Astera Titan Tube est devenu un standard sur les tournages cin\u00e9ma, t\u00e9l\u00e9vision et publicit\u00e9 pour les \u00e9clairages cr\u00e9atifs et les effets lumineux. Il combine une grande pr\u00e9cision colorim\u00e9trique, un contr\u00f4le pixel avanc\u00e9 et une batterie int\u00e9gr\u00e9e, offrant une solution totalement autonome utilisable en int\u00e9rieur comme en ext\u00e9rieur. Caract\u00e9ristiques principales [&hellip;]<\/p>\n","protected":false},"featured_media":2138,"template":"","meta":{"inline_featured_image":false},"product_brand":[],"product_cat":[2008],"product_tag":[],"class_list":{"0":"post-785","1":"product","2":"type-product","3":"status-publish","4":"has-post-thumbnail","6":"product_cat-led-couleur-tube","8":"first","9":"instock","10":"taxable","11":"shipping-taxable","12":"purchasable","13":"product-type-rentable"},"acf":[],"_links":{"self":[{"href":"https:\/\/indie.rent\/catalogue\/wp-json\/wp\/v2\/product\/785","targetHints":{"allow":["GET"]}}],"collection":[{"href":"https:\/\/indie.rent\/catalogue\/wp-json\/wp\/v2\/product"}],"about":[{"href":"https:\/\/indie.rent\/catalogue\/wp-json\/wp\/v2\/types\/product"}],"version-history":[{"count":3,"href":"https:\/\/indie.rent\/catalogue\/wp-json\/wp\/v2\/product\/785\/revisions"}],"predecessor-version":[{"id":6549,"href":"https:\/\/indie.rent\/catalogue\/wp-json\/wp\/v2\/product\/785\/revisions\/6549"}],"wp:featuredmedia":[{"embeddable":true,"href":"https:\/\/indie.rent\/catalogue\/wp-json\/wp\/v2\/media\/2138"}],"wp:attachment":[{"href":"https:\/\/indie.rent\/catalogue\/wp-json\/wp\/v2\/media?parent=785"}],"wp:term":[{"taxonomy":"product_brand","embeddable":true,"href":"https:\/\/indie.rent\/catalogue\/wp-json\/wp\/v2\/product_brand?post=785"},{"taxonomy":"product_cat","embeddable":true,"href":"https:\/\/indie.rent\/catalogue\/wp-json\/wp\/v2\/product_cat?post=785"},{"taxonomy":"product_tag","embeddable":true,"href":"https:\/\/indie.rent\/catalogue\/wp-json\/wp\/v2\/product_tag?post=785"}],"curies":[{"name":"wp","href":"https:\/\/api.w.org\/{rel}","templated":true}]}}