{"id":783,"date":"2025-01-09T10:07:36","date_gmt":"2025-01-09T09:07:36","guid":{"rendered":"https:\/\/indie.rent\/catalogue\/produit\/kit-8-astera-helios\/"},"modified":"2026-04-04T00:19:51","modified_gmt":"2026-04-03T22:19:51","slug":"projecteur-led-couleur-astera-kit-8-helios","status":"publish","type":"product","link":"https:\/\/indie.rent\/catalogue\/produit\/projecteur-led-couleur-astera-kit-8-helios\/","title":{"rendered":"Projecteur LED Couleur ASTERA Kit 8 H\u00e9lios"},"content":{"rendered":"<p>Version compacte du Titan, le Astera Helios Tube offre les m\u00eames capacit\u00e9s colorim\u00e9triques dans un format r\u00e9duit, id\u00e9al pour les espaces restreints et les configurations mobiles.<\/p>\n<p>Il conserve la pr\u00e9cision du RGBMA avec une excellente int\u00e9gration dans les d\u00e9cors.<\/p>\n<p>Caract\u00e9ristiques principales :<\/p>\n<p>Source : LED RGBMA<br \/>Temp\u00e9rature de couleur : 1 750K \u2013 20 000K<br \/>CRI \/ TLCI : \u2265 96<br \/>Puissance : 36W<br \/>Alimentation : batterie int\u00e9gr\u00e9e + secteur<br \/>Contr\u00f4le : DMX \/ CRMX \/ Bluetooth<br \/>Pixel mapping : 8 pixels<br \/>\u00c9tanch\u00e9it\u00e9 : IP65<br \/>Dimensions : \u00d8 42 mm \u00d7 550 mm<br \/>Poids : env. 0,8 kg<\/p>\n","protected":false},"excerpt":{"rendered":"<p>Version compacte du Titan, le Astera Helios Tube offre les m\u00eames capacit\u00e9s colorim\u00e9triques dans un format r\u00e9duit, id\u00e9al pour les espaces restreints et les configurations mobiles. Il conserve la pr\u00e9cision du RGBMA avec une excellente int\u00e9gration dans les d\u00e9cors. Caract\u00e9ristiques principales : Source : LED RGBMATemp\u00e9rature de couleur : 1 750K \u2013 20 000KCRI \/ [&hellip;]<\/p>\n","protected":false},"featured_media":2460,"template":"","meta":{"inline_featured_image":false},"product_brand":[],"product_cat":[2008],"product_tag":[],"class_list":{"0":"post-783","1":"product","2":"type-product","3":"status-publish","4":"has-post-thumbnail","6":"product_cat-led-couleur-tube","8":"first","9":"instock","10":"taxable","11":"shipping-taxable","12":"purchasable","13":"product-type-rentable"},"acf":[],"_links":{"self":[{"href":"https:\/\/indie.rent\/catalogue\/wp-json\/wp\/v2\/product\/783","targetHints":{"allow":["GET"]}}],"collection":[{"href":"https:\/\/indie.rent\/catalogue\/wp-json\/wp\/v2\/product"}],"about":[{"href":"https:\/\/indie.rent\/catalogue\/wp-json\/wp\/v2\/types\/product"}],"version-history":[{"count":2,"href":"https:\/\/indie.rent\/catalogue\/wp-json\/wp\/v2\/product\/783\/revisions"}],"predecessor-version":[{"id":6547,"href":"https:\/\/indie.rent\/catalogue\/wp-json\/wp\/v2\/product\/783\/revisions\/6547"}],"wp:featuredmedia":[{"embeddable":true,"href":"https:\/\/indie.rent\/catalogue\/wp-json\/wp\/v2\/media\/2460"}],"wp:attachment":[{"href":"https:\/\/indie.rent\/catalogue\/wp-json\/wp\/v2\/media?parent=783"}],"wp:term":[{"taxonomy":"product_brand","embeddable":true,"href":"https:\/\/indie.rent\/catalogue\/wp-json\/wp\/v2\/product_brand?post=783"},{"taxonomy":"product_cat","embeddable":true,"href":"https:\/\/indie.rent\/catalogue\/wp-json\/wp\/v2\/product_cat?post=783"},{"taxonomy":"product_tag","embeddable":true,"href":"https:\/\/indie.rent\/catalogue\/wp-json\/wp\/v2\/product_tag?post=783"}],"curies":[{"name":"wp","href":"https:\/\/api.w.org\/{rel}","templated":true}]}}