{"id":780,"date":"2025-01-09T10:07:35","date_gmt":"2025-01-09T09:07:35","guid":{"rendered":"https:\/\/indie.rent\/catalogue\/produit\/alpha-4v2-4kw-25kw\/"},"modified":"2026-04-16T18:33:50","modified_gmt":"2026-04-16T16:33:50","slug":"projecteur-hmi-k5600-alpha-4v2-4kw-25kw","status":"publish","type":"product","link":"https:\/\/indie.rent\/catalogue\/produit\/projecteur-hmi-k5600-alpha-4v2-4kw-25kw\/","title":{"rendered":"Projecteur HMI K5600 Alpha 4V2 (4kw\/2,5kw)"},"content":{"rendered":"<p>Le concept de l\u2019Alpha 4K est de cr\u00e9er un projecteur plus compact et plus l\u00e9ger avec des lentilles interchangeables, donnant \u00e0 l\u2019utilisateur plus d\u2019options que seulement Flood et Spot. Optiquement, cet appareil offre la grande polyvalence de \u00ab l\u2019Open-Eye \u00bb (80\u00b0) avec un faisceau hyper large produisant une seule ombre nette, et la pr\u00e9cision d\u2019un Fresnel (de 6\u00b0 \u00e0 70\u00b0) en utilisant les deux lentilles Fresnel : Spot ou Flood. L\u2019Alpha 4K peut \u00eatre \u00e9galement utilis\u00e9 en 2.5K : le changement de lampe est facilement effectu\u00e9 gr\u00e2ce au loquet de d\u00e9verrouillage rapide sur la douille c\u00e9ramique G38.<br \/>Le r\u00e9flecteur est un composite de Quartz qui r\u00e9siste \u00e0 de tr\u00e8s fortes temp\u00e9ratures (1200\u00b0C). Bien que ce mat\u00e9riau soit blanc, son rendement est sup\u00e9rieur de 10 % par rapport aux r\u00e9flecteurs traditionnels en aluminium. Gr\u00e2ce \u00e0 la combinaison de ce r\u00e9flecteur avec un syst\u00e8me de ventilation unique \u00e0 l\u2019Alpha, l\u2019appareil peut \u00eatre utilis\u00e9 en douche, sans prendre le risque d\u2019endommager les composants.<\/p>\n","protected":false},"excerpt":{"rendered":"<p>Le concept de l\u2019Alpha 4K est de cr\u00e9er un projecteur plus compact et plus l\u00e9ger avec des lentilles interchangeables, donnant \u00e0 l\u2019utilisateur plus d\u2019options que seulement Flood et Spot. Optiquement, cet appareil offre la grande polyvalence de \u00ab l\u2019Open-Eye \u00bb (80\u00b0) avec un faisceau hyper large produisant une seule ombre nette, et la pr\u00e9cision d\u2019un [&hellip;]<\/p>\n","protected":false},"featured_media":2764,"template":"","meta":{"inline_featured_image":false},"product_brand":[],"product_cat":[2020],"product_tag":[],"class_list":{"0":"post-780","1":"product","2":"type-product","3":"status-publish","4":"has-post-thumbnail","6":"product_cat-hmi-high-speed","8":"first","9":"instock","10":"taxable","11":"shipping-taxable","12":"purchasable","13":"product-type-rentable"},"acf":[],"_links":{"self":[{"href":"https:\/\/indie.rent\/catalogue\/wp-json\/wp\/v2\/product\/780","targetHints":{"allow":["GET"]}}],"collection":[{"href":"https:\/\/indie.rent\/catalogue\/wp-json\/wp\/v2\/product"}],"about":[{"href":"https:\/\/indie.rent\/catalogue\/wp-json\/wp\/v2\/types\/product"}],"version-history":[{"count":0,"href":"https:\/\/indie.rent\/catalogue\/wp-json\/wp\/v2\/product\/780\/revisions"}],"wp:featuredmedia":[{"embeddable":true,"href":"https:\/\/indie.rent\/catalogue\/wp-json\/wp\/v2\/media\/2764"}],"wp:attachment":[{"href":"https:\/\/indie.rent\/catalogue\/wp-json\/wp\/v2\/media?parent=780"}],"wp:term":[{"taxonomy":"product_brand","embeddable":true,"href":"https:\/\/indie.rent\/catalogue\/wp-json\/wp\/v2\/product_brand?post=780"},{"taxonomy":"product_cat","embeddable":true,"href":"https:\/\/indie.rent\/catalogue\/wp-json\/wp\/v2\/product_cat?post=780"},{"taxonomy":"product_tag","embeddable":true,"href":"https:\/\/indie.rent\/catalogue\/wp-json\/wp\/v2\/product_tag?post=780"}],"curies":[{"name":"wp","href":"https:\/\/api.w.org\/{rel}","templated":true}]}}