{"id":778,"date":"2025-01-09T10:07:32","date_gmt":"2025-01-09T09:07:32","guid":{"rendered":"https:\/\/indie.rent\/catalogue\/produit\/fabric-lite-350w\/"},"modified":"2026-04-10T10:27:03","modified_gmt":"2026-04-10T08:27:03","slug":"projecteur-aladdin-fabric-lite-350w","status":"publish","type":"product","link":"https:\/\/indie.rent\/catalogue\/produit\/projecteur-aladdin-fabric-lite-350w\/","title":{"rendered":"Projecteur ALADDIN Fabric Lite 350w"},"content":{"rendered":"<p>Panneau LED flexible haute puissance offrant une lumi\u00e8re douce et enveloppante pour les setups cin\u00e9ma exigeants.<\/p>\n<p>Caract\u00e9ristiques principales :<\/p>\n<p>Source : LED bi-color<br \/>Temp\u00e9rature de couleur : 3 000K \u2013 6 000K<br \/>CRI \/ TLCI : \u2265 98 \/ \u2265 98<br \/>Alimentation : Secteur \/ Batteries V-Mount<br \/>Contr\u00f4le : Dimmer, DMX, CRMX<br \/>\u00c9tanch\u00e9it\u00e9 : Panneau IP32 \/ Gradateur IP21<br \/>Poids : 800g<br \/>Consommation \u00e9lectrique : 350 W<br \/>Dimensions : 90 cm \u00d7 90 cm<\/p>\n","protected":false},"excerpt":{"rendered":"<p>Panneau LED flexible haute puissance offrant une lumi\u00e8re douce et enveloppante pour les setups cin\u00e9ma exigeants. Caract\u00e9ristiques principales : Source : LED bi-colorTemp\u00e9rature de couleur : 3 000K \u2013 6 000KCRI \/ TLCI : \u2265 98 \/ \u2265 98Alimentation : Secteur \/ Batteries V-MountContr\u00f4le : Dimmer, DMX, CRMX\u00c9tanch\u00e9it\u00e9 : Panneau IP32 \/ Gradateur IP21Poids : [&hellip;]<\/p>\n","protected":false},"featured_media":2467,"template":"","meta":{"inline_featured_image":false},"product_brand":[],"product_cat":[2012],"product_tag":[],"class_list":{"0":"post-778","1":"product","2":"type-product","3":"status-publish","4":"has-post-thumbnail","6":"product_cat-led-bicolor-soft","8":"first","9":"instock","10":"taxable","11":"shipping-taxable","12":"purchasable","13":"product-type-rentable"},"acf":[],"_links":{"self":[{"href":"https:\/\/indie.rent\/catalogue\/wp-json\/wp\/v2\/product\/778","targetHints":{"allow":["GET"]}}],"collection":[{"href":"https:\/\/indie.rent\/catalogue\/wp-json\/wp\/v2\/product"}],"about":[{"href":"https:\/\/indie.rent\/catalogue\/wp-json\/wp\/v2\/types\/product"}],"version-history":[{"count":0,"href":"https:\/\/indie.rent\/catalogue\/wp-json\/wp\/v2\/product\/778\/revisions"}],"wp:featuredmedia":[{"embeddable":true,"href":"https:\/\/indie.rent\/catalogue\/wp-json\/wp\/v2\/media\/2467"}],"wp:attachment":[{"href":"https:\/\/indie.rent\/catalogue\/wp-json\/wp\/v2\/media?parent=778"}],"wp:term":[{"taxonomy":"product_brand","embeddable":true,"href":"https:\/\/indie.rent\/catalogue\/wp-json\/wp\/v2\/product_brand?post=778"},{"taxonomy":"product_cat","embeddable":true,"href":"https:\/\/indie.rent\/catalogue\/wp-json\/wp\/v2\/product_cat?post=778"},{"taxonomy":"product_tag","embeddable":true,"href":"https:\/\/indie.rent\/catalogue\/wp-json\/wp\/v2\/product_tag?post=778"}],"curies":[{"name":"wp","href":"https:\/\/api.w.org\/{rel}","templated":true}]}}