{"id":776,"date":"2025-01-09T10:07:32","date_gmt":"2025-01-09T09:07:32","guid":{"rendered":"https:\/\/indie.rent\/catalogue\/produit\/sl1-maxi-mix\/"},"modified":"2026-04-30T17:04:53","modified_gmt":"2026-04-30T15:04:53","slug":"projecteur-led-couleur-dmg-sl1-maxi-mix","status":"publish","type":"product","link":"https:\/\/indie.rent\/catalogue\/produit\/projecteur-led-couleur-dmg-sl1-maxi-mix\/","title":{"rendered":"Projecteur LED Couleur DMG SL1 Maxi Mix"},"content":{"rendered":"<p>Version grand format du SL1 Mix, le DMG SL1 Maxi Mix est con\u00e7u pour les \u00e9clairages de plus grande surface avec une puissance accrue.<\/p>\n<p>Il combine la flexibilit\u00e9 du RGBW avec une surface \u00e9missive plus importante pour un rendu encore plus enveloppant.<\/p>\n<p>Caract\u00e9ristiques principales :<\/p>\n<p>Source : LED RGBWLA<br \/>Temp\u00e9rature de couleur : 1 700K \u2013 10 000K<br \/>CRI \/ TLCI : \u2265 95<br \/>Puissance : 360W<br \/>Alimentation : secteur<br \/>Contr\u00f4le : DMX \/ CRMX \/ Bluetooth (Via app My Mix)<br \/>Dimensions : 1200 \u00d7 360 \u00d7 85 mm<br \/>Poids : 8 kg<\/p>\n","protected":false},"excerpt":{"rendered":"<p>Version grand format du SL1 Mix, le DMG SL1 Maxi Mix est con\u00e7u pour les \u00e9clairages de plus grande surface avec une puissance accrue. Il combine la flexibilit\u00e9 du RGBW avec une surface \u00e9missive plus importante pour un rendu encore plus enveloppant. Caract\u00e9ristiques principales : Source : LED RGBWLATemp\u00e9rature de couleur : 1 700K \u2013 [&hellip;]<\/p>\n","protected":false},"featured_media":2367,"template":"","meta":{"inline_featured_image":false},"product_brand":[],"product_cat":[2007],"product_tag":[],"class_list":{"0":"post-776","1":"product","2":"type-product","3":"status-publish","4":"has-post-thumbnail","6":"product_cat-led-couleur-soft","8":"first","9":"instock","10":"featured","11":"taxable","12":"shipping-taxable","13":"purchasable","14":"product-type-rentable"},"acf":[],"_links":{"self":[{"href":"https:\/\/indie.rent\/catalogue\/wp-json\/wp\/v2\/product\/776","targetHints":{"allow":["GET"]}}],"collection":[{"href":"https:\/\/indie.rent\/catalogue\/wp-json\/wp\/v2\/product"}],"about":[{"href":"https:\/\/indie.rent\/catalogue\/wp-json\/wp\/v2\/types\/product"}],"version-history":[{"count":0,"href":"https:\/\/indie.rent\/catalogue\/wp-json\/wp\/v2\/product\/776\/revisions"}],"wp:featuredmedia":[{"embeddable":true,"href":"https:\/\/indie.rent\/catalogue\/wp-json\/wp\/v2\/media\/2367"}],"wp:attachment":[{"href":"https:\/\/indie.rent\/catalogue\/wp-json\/wp\/v2\/media?parent=776"}],"wp:term":[{"taxonomy":"product_brand","embeddable":true,"href":"https:\/\/indie.rent\/catalogue\/wp-json\/wp\/v2\/product_brand?post=776"},{"taxonomy":"product_cat","embeddable":true,"href":"https:\/\/indie.rent\/catalogue\/wp-json\/wp\/v2\/product_cat?post=776"},{"taxonomy":"product_tag","embeddable":true,"href":"https:\/\/indie.rent\/catalogue\/wp-json\/wp\/v2\/product_tag?post=776"}],"curies":[{"name":"wp","href":"https:\/\/api.w.org\/{rel}","templated":true}]}}