{"id":775,"date":"2025-01-09T10:07:32","date_gmt":"2025-01-09T09:07:32","guid":{"rendered":"https:\/\/indie.rent\/catalogue\/produit\/airstar-lunix-200\/"},"modified":"2026-04-16T17:36:39","modified_gmt":"2026-04-16T15:36:39","slug":"projecteur-tungstene-airstar-lunix-200","status":"publish","type":"product","link":"https:\/\/indie.rent\/catalogue\/produit\/projecteur-tungstene-airstar-lunix-200\/","title":{"rendered":"Projecteur Tungst\u00e8ne AIRSTAR Lunix 200"},"content":{"rendered":"<p>Pr\u00e9voir un technicien agr\u00e9e pour ce type de mat\u00e9riel. <\/p>\n<p>Diam\u00e8tre : 200cm<br \/>Volume d&#8217;h\u00e9lium : 4,2m3<br \/>Temps de montage : 15m<br \/>Type de lampe : Halog\u00e8ne <br \/>Nombre et puissance des lampes : 4x1000w ou 4x650w<br \/>Nombre de prises : 3 <br \/>R\u00e9sistance au vent : 30km\/h<\/p>\n<p>Pr\u00e9voir un technicien agr\u00e9e pour ce type de mat\u00e9riel.<\/p>\n","protected":false},"excerpt":{"rendered":"<p>Pr\u00e9voir un technicien agr\u00e9e pour ce type de mat\u00e9riel. Diam\u00e8tre : 200cmVolume d&#8217;h\u00e9lium : 4,2m3Temps de montage : 15mType de lampe : Halog\u00e8ne Nombre et puissance des lampes : 4x1000w ou 4x650wNombre de prises : 3 R\u00e9sistance au vent : 30km\/h Pr\u00e9voir un technicien agr\u00e9e pour ce type de mat\u00e9riel.<\/p>\n","protected":false},"featured_media":2340,"template":"","meta":{"inline_featured_image":false},"product_brand":[],"product_cat":[2488],"product_tag":[],"class_list":{"0":"post-775","1":"product","2":"type-product","3":"status-publish","4":"has-post-thumbnail","6":"product_cat-tungstene-2kw","8":"first","9":"instock","10":"taxable","11":"shipping-taxable","12":"purchasable","13":"product-type-rentable"},"acf":[],"_links":{"self":[{"href":"https:\/\/indie.rent\/catalogue\/wp-json\/wp\/v2\/product\/775","targetHints":{"allow":["GET"]}}],"collection":[{"href":"https:\/\/indie.rent\/catalogue\/wp-json\/wp\/v2\/product"}],"about":[{"href":"https:\/\/indie.rent\/catalogue\/wp-json\/wp\/v2\/types\/product"}],"version-history":[{"count":0,"href":"https:\/\/indie.rent\/catalogue\/wp-json\/wp\/v2\/product\/775\/revisions"}],"wp:featuredmedia":[{"embeddable":true,"href":"https:\/\/indie.rent\/catalogue\/wp-json\/wp\/v2\/media\/2340"}],"wp:attachment":[{"href":"https:\/\/indie.rent\/catalogue\/wp-json\/wp\/v2\/media?parent=775"}],"wp:term":[{"taxonomy":"product_brand","embeddable":true,"href":"https:\/\/indie.rent\/catalogue\/wp-json\/wp\/v2\/product_brand?post=775"},{"taxonomy":"product_cat","embeddable":true,"href":"https:\/\/indie.rent\/catalogue\/wp-json\/wp\/v2\/product_cat?post=775"},{"taxonomy":"product_tag","embeddable":true,"href":"https:\/\/indie.rent\/catalogue\/wp-json\/wp\/v2\/product_tag?post=775"}],"curies":[{"name":"wp","href":"https:\/\/api.w.org\/{rel}","templated":true}]}}