{"id":774,"date":"2025-01-09T10:07:31","date_gmt":"2025-01-09T09:07:31","guid":{"rendered":"https:\/\/indie.rent\/catalogue\/produit\/m40-25\/"},"modified":"2026-04-16T18:33:51","modified_gmt":"2026-04-16T16:33:51","slug":"projecteur-hmi-arri-m40-25","status":"publish","type":"product","link":"https:\/\/indie.rent\/catalogue\/produit\/projecteur-hmi-arri-m40-25\/","title":{"rendered":"Projecteur HMI ARRI M40\/25"},"content":{"rendered":"<p>Comme tous les autres membres de la gamme M, le ARRI M40\/25 rassemble les avantages des projecteurs PAR et Fresnel. Gr\u00e2ce \u00e0 la technologie lens-less Max, cette source est Open Face et donc tr\u00e8s lumineuse elle reste cependant focalisable sur une plage de 18-52\u00b0 HPA, permettant l\u2019obtention d\u2019ombres nettes.. Les caract\u00e9ristiques du r\u00e9flecteur sont optimis\u00e9es pour les lampes de 4000W mais cette t\u00eate peut \u00e9galement \u00eatre utilis\u00e9e avec des lampes de 2500W.<\/p>\n<p>Le logement de lampe est \u00e9quip\u00e9 d&#8217;un module CCL (compensation de la perte de c\u00e2ble). Lorsqu&#8217;il est utilis\u00e9 avec le ballast ARRI EB 2,5 \/ 4 kW avec CCL, la pleine puissance est maintenue jusqu&#8217;\u00e0 la lampe m\u00eame lorsque de tr\u00e8s longs c\u00e2bles sont utilis\u00e9s. Cela signifie un flux lumineux uniform\u00e9ment \u00e9lev\u00e9 ind\u00e9pendamment de la longueur du c\u00e2ble.<\/p>\n<p>Caract\u00e9ristiques principales :<br \/>&#8211; Le refroidissement transversal permet de travailler en toute s\u00e9curit\u00e9 dans des angles d&#8217;inclinaison extr\u00eames,<br \/>&#8211; Peut aussi \u00eatre lamp\u00e9 en 2.5kW,<br \/>&#8211; Temp\u00e9rature de couleur : 6 000 K,<br \/>&#8211; Angle du faisceau: 18\u00b0 \u00e0 52\u00b0 (avec une lampe de 4 000 W),<br \/>&#8211; Fixation : spigot 28mm,<br \/>&#8211; Dimensions : 838 x 468 x 513 mm,<br \/>&#8211; Poids : 34kg.<\/p>\n","protected":false},"excerpt":{"rendered":"<p>Comme tous les autres membres de la gamme M, le ARRI M40\/25 rassemble les avantages des projecteurs PAR et Fresnel. Gr\u00e2ce \u00e0 la technologie lens-less Max, cette source est Open Face et donc tr\u00e8s lumineuse elle reste cependant focalisable sur une plage de 18-52\u00b0 HPA, permettant l\u2019obtention d\u2019ombres nettes.. Les caract\u00e9ristiques du r\u00e9flecteur sont optimis\u00e9es [&hellip;]<\/p>\n","protected":false},"featured_media":2143,"template":"","meta":{"inline_featured_image":false},"product_brand":[],"product_cat":[2020],"product_tag":[],"class_list":{"0":"post-774","1":"product","2":"type-product","3":"status-publish","4":"has-post-thumbnail","6":"product_cat-hmi-high-speed","8":"first","9":"instock","10":"taxable","11":"shipping-taxable","12":"purchasable","13":"product-type-rentable"},"acf":[],"_links":{"self":[{"href":"https:\/\/indie.rent\/catalogue\/wp-json\/wp\/v2\/product\/774","targetHints":{"allow":["GET"]}}],"collection":[{"href":"https:\/\/indie.rent\/catalogue\/wp-json\/wp\/v2\/product"}],"about":[{"href":"https:\/\/indie.rent\/catalogue\/wp-json\/wp\/v2\/types\/product"}],"version-history":[{"count":0,"href":"https:\/\/indie.rent\/catalogue\/wp-json\/wp\/v2\/product\/774\/revisions"}],"wp:featuredmedia":[{"embeddable":true,"href":"https:\/\/indie.rent\/catalogue\/wp-json\/wp\/v2\/media\/2143"}],"wp:attachment":[{"href":"https:\/\/indie.rent\/catalogue\/wp-json\/wp\/v2\/media?parent=774"}],"wp:term":[{"taxonomy":"product_brand","embeddable":true,"href":"https:\/\/indie.rent\/catalogue\/wp-json\/wp\/v2\/product_brand?post=774"},{"taxonomy":"product_cat","embeddable":true,"href":"https:\/\/indie.rent\/catalogue\/wp-json\/wp\/v2\/product_cat?post=774"},{"taxonomy":"product_tag","embeddable":true,"href":"https:\/\/indie.rent\/catalogue\/wp-json\/wp\/v2\/product_tag?post=774"}],"curies":[{"name":"wp","href":"https:\/\/api.w.org\/{rel}","templated":true}]}}