{"id":773,"date":"2025-01-09T10:07:31","date_gmt":"2025-01-09T09:07:31","guid":{"rendered":"https:\/\/indie.rent\/catalogue\/produit\/skypanel-s60-c\/"},"modified":"2026-04-16T18:34:13","modified_gmt":"2026-04-16T16:34:13","slug":"projecteur-led-couleur-arri-skypanel-s60-c","status":"publish","type":"product","link":"https:\/\/indie.rent\/catalogue\/produit\/projecteur-led-couleur-arri-skypanel-s60-c\/","title":{"rendered":"Projecteur LED Couleur ARRI Skypanel S60-C"},"content":{"rendered":"<p>Projecteur LED RGBW de r\u00e9f\u00e9rence, le ARRI Skypanel S60-C est devenu un standard incontournable sur les plateaux cin\u00e9ma, t\u00e9l\u00e9vision et publicit\u00e9.<\/p>\n<p>Il offre une lumi\u00e8re douce, homog\u00e8ne et un excellent rendu colorim\u00e9trique, id\u00e9al pour les \u00e9clairages de type key light, fill ou ambiance.<\/p>\n<p>Caract\u00e9ristiques principales :<\/p>\n<p>Source : LED RGBW<br \/>Temp\u00e9rature de couleur : 2 800K \u2013 10 000K<br \/>CRI \/ TLCI : \u2265 95<br \/>Puissance : 420W<br \/>Alimentation : secteur 16A<br \/>Contr\u00f4le : DMX \/ RDM<br \/>Dimensions : 688 \u00d7 433 x 133 mm (sans la lyre)<br \/>IP : 20<br \/>Poids : env. 12 kg (t\u00eate)<\/p>\n","protected":false},"excerpt":{"rendered":"<p>Projecteur LED RGBW de r\u00e9f\u00e9rence, le ARRI Skypanel S60-C est devenu un standard incontournable sur les plateaux cin\u00e9ma, t\u00e9l\u00e9vision et publicit\u00e9. Il offre une lumi\u00e8re douce, homog\u00e8ne et un excellent rendu colorim\u00e9trique, id\u00e9al pour les \u00e9clairages de type key light, fill ou ambiance. Caract\u00e9ristiques principales : Source : LED RGBWTemp\u00e9rature de couleur : 2 800K [&hellip;]<\/p>\n","protected":false},"featured_media":2109,"template":"","meta":{"inline_featured_image":false},"product_brand":[],"product_cat":[2007],"product_tag":[],"class_list":{"0":"post-773","1":"product","2":"type-product","3":"status-publish","4":"has-post-thumbnail","6":"product_cat-led-couleur-soft","8":"first","9":"instock","10":"taxable","11":"shipping-taxable","12":"purchasable","13":"product-type-rentable"},"acf":[],"_links":{"self":[{"href":"https:\/\/indie.rent\/catalogue\/wp-json\/wp\/v2\/product\/773","targetHints":{"allow":["GET"]}}],"collection":[{"href":"https:\/\/indie.rent\/catalogue\/wp-json\/wp\/v2\/product"}],"about":[{"href":"https:\/\/indie.rent\/catalogue\/wp-json\/wp\/v2\/types\/product"}],"version-history":[{"count":0,"href":"https:\/\/indie.rent\/catalogue\/wp-json\/wp\/v2\/product\/773\/revisions"}],"wp:featuredmedia":[{"embeddable":true,"href":"https:\/\/indie.rent\/catalogue\/wp-json\/wp\/v2\/media\/2109"}],"wp:attachment":[{"href":"https:\/\/indie.rent\/catalogue\/wp-json\/wp\/v2\/media?parent=773"}],"wp:term":[{"taxonomy":"product_brand","embeddable":true,"href":"https:\/\/indie.rent\/catalogue\/wp-json\/wp\/v2\/product_brand?post=773"},{"taxonomy":"product_cat","embeddable":true,"href":"https:\/\/indie.rent\/catalogue\/wp-json\/wp\/v2\/product_cat?post=773"},{"taxonomy":"product_tag","embeddable":true,"href":"https:\/\/indie.rent\/catalogue\/wp-json\/wp\/v2\/product_tag?post=773"}],"curies":[{"name":"wp","href":"https:\/\/api.w.org\/{rel}","templated":true}]}}