{"id":772,"date":"2025-01-09T10:07:31","date_gmt":"2025-01-09T09:07:31","guid":{"rendered":"https:\/\/indie.rent\/catalogue\/produit\/total-dutch\/"},"modified":"2026-04-16T18:02:14","modified_gmt":"2026-04-16T16:02:14","slug":"tete-fluide-cartoni-total-dutch","status":"publish","type":"product","link":"https:\/\/indie.rent\/catalogue\/produit\/tete-fluide-cartoni-total-dutch\/","title":{"rendered":"T\u00eate Fluide CARTONI Total Dutch"},"content":{"rendered":"<p>Un nouvel outil r\u00e9volutionnaire brevet\u00e9 qui permet d&#8217;ajouter un 3e axe de rotation lat\u00e9rale \u00e0 n&#8217;importe quelle t\u00eate classique heavy duty pan and tilt et qui permet une extraordinaire rotation de 360\u00b0 pour les prises de vue cr\u00e9atives.<\/p>\n<p>La rotation est dirig\u00e9e par un volant perc\u00e9 au centre pour le passage de c\u00e2ble.<\/p>\n<p>Deux contrepoids d&#8217;1 Kg chacun compl\u00e8tent l&#8217;ensemble de l&#8217;\u00e9quipement pour une v\u00e9ritable rotation nodale autour du centre optique.<\/p>\n<p>Capacit\u00e9 de charge minimum\t: 0 kg<br \/>Capacit\u00e9 de charge maximale : 25 kg<br \/>Poids : 10,5 kg<br \/>Diam\u00e8tre de bol : Flat base<br \/>R\u00e9sistance au fluide : Continuous<br \/>Gamme de Pan : 360\u00b0<br \/>Eventail de temp\u00e9rature : -40\/+60\u00b0C<\/p>\n","protected":false},"excerpt":{"rendered":"<p>Un nouvel outil r\u00e9volutionnaire brevet\u00e9 qui permet d&#8217;ajouter un 3e axe de rotation lat\u00e9rale \u00e0 n&#8217;importe quelle t\u00eate classique heavy duty pan and tilt et qui permet une extraordinaire rotation de 360\u00b0 pour les prises de vue cr\u00e9atives. La rotation est dirig\u00e9e par un volant perc\u00e9 au centre pour le passage de c\u00e2ble. Deux contrepoids [&hellip;]<\/p>\n","protected":false},"featured_media":2454,"template":"","meta":{"inline_featured_image":false},"product_brand":[],"product_cat":[2039],"product_tag":[],"class_list":{"0":"post-772","1":"product","2":"type-product","3":"status-publish","4":"has-post-thumbnail","6":"product_cat-tete-fluide-sfx","8":"first","9":"instock","10":"featured","11":"taxable","12":"shipping-taxable","13":"purchasable","14":"product-type-rentable"},"acf":[],"_links":{"self":[{"href":"https:\/\/indie.rent\/catalogue\/wp-json\/wp\/v2\/product\/772","targetHints":{"allow":["GET"]}}],"collection":[{"href":"https:\/\/indie.rent\/catalogue\/wp-json\/wp\/v2\/product"}],"about":[{"href":"https:\/\/indie.rent\/catalogue\/wp-json\/wp\/v2\/types\/product"}],"version-history":[{"count":0,"href":"https:\/\/indie.rent\/catalogue\/wp-json\/wp\/v2\/product\/772\/revisions"}],"wp:featuredmedia":[{"embeddable":true,"href":"https:\/\/indie.rent\/catalogue\/wp-json\/wp\/v2\/media\/2454"}],"wp:attachment":[{"href":"https:\/\/indie.rent\/catalogue\/wp-json\/wp\/v2\/media?parent=772"}],"wp:term":[{"taxonomy":"product_brand","embeddable":true,"href":"https:\/\/indie.rent\/catalogue\/wp-json\/wp\/v2\/product_brand?post=772"},{"taxonomy":"product_cat","embeddable":true,"href":"https:\/\/indie.rent\/catalogue\/wp-json\/wp\/v2\/product_cat?post=772"},{"taxonomy":"product_tag","embeddable":true,"href":"https:\/\/indie.rent\/catalogue\/wp-json\/wp\/v2\/product_tag?post=772"}],"curies":[{"name":"wp","href":"https:\/\/api.w.org\/{rel}","templated":true}]}}