{"id":767,"date":"2025-01-09T10:07:27","date_gmt":"2025-01-09T09:07:27","guid":{"rendered":"https:\/\/indie.rent\/catalogue\/produit\/airlite-balloon-1000w\/"},"modified":"2026-04-04T00:15:20","modified_gmt":"2026-04-03T22:15:20","slug":"projecteur-lightstar-airlite-balloon-1000w","status":"publish","type":"product","link":"https:\/\/indie.rent\/catalogue\/produit\/projecteur-lightstar-airlite-balloon-1000w\/","title":{"rendered":"Projecteur LIGHTSTAR Airlite Balloon (1000w)"},"content":{"rendered":"<p>Source LED gonflable bi-couleur, le Airlite 1000W Bi-Color est con\u00e7u pour produire une lumi\u00e8re tr\u00e8s douce et enveloppante, id\u00e9ale pour les tournages cin\u00e9ma, publicit\u00e9 et t\u00e9l\u00e9vision.<\/p>\n<p>Gr\u00e2ce \u00e0 son ballon auto-gonflant en 60 secondes et sa diffusion \u00e0 360\u00b0, il permet d\u2019\u00e9clairer rapidement de grandes surfaces avec un rendu homog\u00e8ne et naturel.<\/p>\n<p>Caract\u00e9ristiques principales:<\/p>\n<p>Source : LED Bi-Color<br \/>Temp\u00e9rature de couleur : 2 800K \u2013 6 500K<br \/>CRI \/ TLCI : \u2265 95<br \/>Puissance : 1000W<br \/>Alimentation : secteur (100\u2013240V, ballast d\u00e9port\u00e9)<br \/>Contr\u00f4le : DMX \/ CRMX (LumenRadio) \/ Bluetooth (via app)<br \/>Dimensions : \u00d8 1800 \u00d7 1330 mm (ballon)<br \/>IP : 20<br \/>Poids : env. 8 kg (t\u00eate)<\/p>\n","protected":false},"excerpt":{"rendered":"<p>Source LED gonflable bi-couleur, le Airlite 1000W Bi-Color est con\u00e7u pour produire une lumi\u00e8re tr\u00e8s douce et enveloppante, id\u00e9ale pour les tournages cin\u00e9ma, publicit\u00e9 et t\u00e9l\u00e9vision. Gr\u00e2ce \u00e0 son ballon auto-gonflant en 60 secondes et sa diffusion \u00e0 360\u00b0, il permet d\u2019\u00e9clairer rapidement de grandes surfaces avec un rendu homog\u00e8ne et naturel. Caract\u00e9ristiques principales: Source [&hellip;]<\/p>\n","protected":false},"featured_media":2316,"template":"","meta":{"inline_featured_image":false},"product_brand":[],"product_cat":[2012],"product_tag":[],"class_list":{"0":"post-767","1":"product","2":"type-product","3":"status-publish","4":"has-post-thumbnail","6":"product_cat-led-bicolor-soft","8":"first","9":"instock","10":"taxable","11":"shipping-taxable","12":"purchasable","13":"product-type-rentable"},"acf":[],"_links":{"self":[{"href":"https:\/\/indie.rent\/catalogue\/wp-json\/wp\/v2\/product\/767","targetHints":{"allow":["GET"]}}],"collection":[{"href":"https:\/\/indie.rent\/catalogue\/wp-json\/wp\/v2\/product"}],"about":[{"href":"https:\/\/indie.rent\/catalogue\/wp-json\/wp\/v2\/types\/product"}],"version-history":[{"count":2,"href":"https:\/\/indie.rent\/catalogue\/wp-json\/wp\/v2\/product\/767\/revisions"}],"predecessor-version":[{"id":6511,"href":"https:\/\/indie.rent\/catalogue\/wp-json\/wp\/v2\/product\/767\/revisions\/6511"}],"wp:featuredmedia":[{"embeddable":true,"href":"https:\/\/indie.rent\/catalogue\/wp-json\/wp\/v2\/media\/2316"}],"wp:attachment":[{"href":"https:\/\/indie.rent\/catalogue\/wp-json\/wp\/v2\/media?parent=767"}],"wp:term":[{"taxonomy":"product_brand","embeddable":true,"href":"https:\/\/indie.rent\/catalogue\/wp-json\/wp\/v2\/product_brand?post=767"},{"taxonomy":"product_cat","embeddable":true,"href":"https:\/\/indie.rent\/catalogue\/wp-json\/wp\/v2\/product_cat?post=767"},{"taxonomy":"product_tag","embeddable":true,"href":"https:\/\/indie.rent\/catalogue\/wp-json\/wp\/v2\/product_tag?post=767"}],"curies":[{"name":"wp","href":"https:\/\/api.w.org\/{rel}","templated":true}]}}