{"id":764,"date":"2025-01-09T10:07:26","date_gmt":"2025-01-09T09:07:26","guid":{"rendered":"https:\/\/indie.rent\/catalogue\/produit\/lightman-luxed-9\/"},"modified":"2026-04-04T00:14:23","modified_gmt":"2026-04-03T22:14:23","slug":"projecteur-lightstar-luxed-9","status":"publish","type":"product","link":"https:\/\/indie.rent\/catalogue\/produit\/projecteur-lightstar-luxed-9\/","title":{"rendered":"Projecteur LIGHTSTAR  Luxed-9"},"content":{"rendered":"<p>Projecteur LED bi-couleur tr\u00e8s haute puissance, le Luxed 9 est pens\u00e9 pour remplacer efficacement les Maxi Brute 9 lampes sur les plateaux cin\u00e9ma et publicit\u00e9.<\/p>\n<p>Gr\u00e2ce \u00e0 ses 9 lentilles Fresnel, il d\u00e9livre une lumi\u00e8re puissante, homog\u00e8ne et parfaitement contr\u00f4lable, adapt\u00e9e aux grandes surfaces et aux tournages exigeants.<\/p>\n<p>Caract\u00e9ristiques principales<br \/>Source : LED bi-color (Fresnel)<br \/>Temp\u00e9rature de couleur : 2 800K \u2013 6 500K<br \/>CRI \/ TLCI : \u2265 95<br \/>Puissance : 1620W<br \/>Alimentation : secteur<br \/>Contr\u00f4le : DMX \/ Wireless DMX (Lumenradio)<br \/>Dimensions : 1256 \u00d7 1218 \u00d7 216 mm<br \/>IP : 20<br \/>Poids : 39 kg<\/p>\n","protected":false},"excerpt":{"rendered":"<p>Projecteur LED bi-couleur tr\u00e8s haute puissance, le Luxed 9 est pens\u00e9 pour remplacer efficacement les Maxi Brute 9 lampes sur les plateaux cin\u00e9ma et publicit\u00e9. Gr\u00e2ce \u00e0 ses 9 lentilles Fresnel, il d\u00e9livre une lumi\u00e8re puissante, homog\u00e8ne et parfaitement contr\u00f4lable, adapt\u00e9e aux grandes surfaces et aux tournages exigeants. Caract\u00e9ristiques principalesSource : LED bi-color (Fresnel)Temp\u00e9rature de [&hellip;]<\/p>\n","protected":false},"featured_media":2099,"template":"","meta":{"inline_featured_image":false},"product_brand":[],"product_cat":[2013],"product_tag":[],"class_list":{"0":"post-764","1":"product","2":"type-product","3":"status-publish","4":"has-post-thumbnail","6":"product_cat-led-bicolor-ponctuelle","8":"first","9":"instock","10":"taxable","11":"shipping-taxable","12":"purchasable","13":"product-type-rentable"},"acf":[],"_links":{"self":[{"href":"https:\/\/indie.rent\/catalogue\/wp-json\/wp\/v2\/product\/764","targetHints":{"allow":["GET"]}}],"collection":[{"href":"https:\/\/indie.rent\/catalogue\/wp-json\/wp\/v2\/product"}],"about":[{"href":"https:\/\/indie.rent\/catalogue\/wp-json\/wp\/v2\/types\/product"}],"version-history":[{"count":3,"href":"https:\/\/indie.rent\/catalogue\/wp-json\/wp\/v2\/product\/764\/revisions"}],"predecessor-version":[{"id":6510,"href":"https:\/\/indie.rent\/catalogue\/wp-json\/wp\/v2\/product\/764\/revisions\/6510"}],"wp:featuredmedia":[{"embeddable":true,"href":"https:\/\/indie.rent\/catalogue\/wp-json\/wp\/v2\/media\/2099"}],"wp:attachment":[{"href":"https:\/\/indie.rent\/catalogue\/wp-json\/wp\/v2\/media?parent=764"}],"wp:term":[{"taxonomy":"product_brand","embeddable":true,"href":"https:\/\/indie.rent\/catalogue\/wp-json\/wp\/v2\/product_brand?post=764"},{"taxonomy":"product_cat","embeddable":true,"href":"https:\/\/indie.rent\/catalogue\/wp-json\/wp\/v2\/product_cat?post=764"},{"taxonomy":"product_tag","embeddable":true,"href":"https:\/\/indie.rent\/catalogue\/wp-json\/wp\/v2\/product_tag?post=764"}],"curies":[{"name":"wp","href":"https:\/\/api.w.org\/{rel}","templated":true}]}}