{"id":763,"date":"2025-01-09T10:07:26","date_gmt":"2025-01-09T09:07:26","guid":{"rendered":"https:\/\/indie.rent\/catalogue\/produit\/sl1-mix\/"},"modified":"2026-04-16T18:32:02","modified_gmt":"2026-04-16T16:32:02","slug":"projecteur-led-couleur-dmg-sl1-mix","status":"publish","type":"product","link":"https:\/\/indie.rent\/catalogue\/produit\/projecteur-led-couleur-dmg-sl1-mix\/","title":{"rendered":"Projecteur LED Couleur DMG SL1 Mix"},"content":{"rendered":"<p>Projecteur LED RGBW haut de gamme, le DMG SL1 Mix est une r\u00e9f\u00e9rence pour les productions cin\u00e9ma et publicit\u00e9 n\u00e9cessitant un contr\u00f4le couleur avanc\u00e9.<\/p>\n<p>Il permet de reproduire une large palette de couleurs tout en conservant une excellente qualit\u00e9 de lumi\u00e8re.<\/p>\n<p>Caract\u00e9ristiques principales :<\/p>\n<p>Source : LED RGBWLA<br \/>Temp\u00e9rature de couleur : 1 700K \u2013 10 000K<br \/>CRI \/ TLCI : \u2265 95<br \/>Puissance : 200W<br \/>Alimentation : secteur \/ batterie (26V)<br \/>Contr\u00f4le : DMX \/ CRMX \/ Bluetooth (app MyMix)<br \/>Dimensions : 1110 \u00d7 205 \u00d7 37 mm<br \/>Poids : 4,2 kg<\/p>\n","protected":false},"excerpt":{"rendered":"<p>Projecteur LED RGBW haut de gamme, le DMG SL1 Mix est une r\u00e9f\u00e9rence pour les productions cin\u00e9ma et publicit\u00e9 n\u00e9cessitant un contr\u00f4le couleur avanc\u00e9. Il permet de reproduire une large palette de couleurs tout en conservant une excellente qualit\u00e9 de lumi\u00e8re. Caract\u00e9ristiques principales : Source : LED RGBWLATemp\u00e9rature de couleur : 1 700K \u2013 10 [&hellip;]<\/p>\n","protected":false},"featured_media":2068,"template":"","meta":{"inline_featured_image":false},"product_brand":[],"product_cat":[2007],"product_tag":[],"class_list":{"0":"post-763","1":"product","2":"type-product","3":"status-publish","4":"has-post-thumbnail","6":"product_cat-led-couleur-soft","8":"first","9":"instock","10":"featured","11":"taxable","12":"shipping-taxable","13":"purchasable","14":"product-type-rentable"},"acf":[],"_links":{"self":[{"href":"https:\/\/indie.rent\/catalogue\/wp-json\/wp\/v2\/product\/763","targetHints":{"allow":["GET"]}}],"collection":[{"href":"https:\/\/indie.rent\/catalogue\/wp-json\/wp\/v2\/product"}],"about":[{"href":"https:\/\/indie.rent\/catalogue\/wp-json\/wp\/v2\/types\/product"}],"version-history":[{"count":0,"href":"https:\/\/indie.rent\/catalogue\/wp-json\/wp\/v2\/product\/763\/revisions"}],"wp:featuredmedia":[{"embeddable":true,"href":"https:\/\/indie.rent\/catalogue\/wp-json\/wp\/v2\/media\/2068"}],"wp:attachment":[{"href":"https:\/\/indie.rent\/catalogue\/wp-json\/wp\/v2\/media?parent=763"}],"wp:term":[{"taxonomy":"product_brand","embeddable":true,"href":"https:\/\/indie.rent\/catalogue\/wp-json\/wp\/v2\/product_brand?post=763"},{"taxonomy":"product_cat","embeddable":true,"href":"https:\/\/indie.rent\/catalogue\/wp-json\/wp\/v2\/product_cat?post=763"},{"taxonomy":"product_tag","embeddable":true,"href":"https:\/\/indie.rent\/catalogue\/wp-json\/wp\/v2\/product_tag?post=763"}],"curies":[{"name":"wp","href":"https:\/\/api.w.org\/{rel}","templated":true}]}}