{"id":762,"date":"2025-01-09T10:07:26","date_gmt":"2025-01-09T09:07:26","guid":{"rendered":"https:\/\/indie.rent\/catalogue\/produit\/fresnel-4000w-hmi\/"},"modified":"2026-04-10T09:58:35","modified_gmt":"2026-04-10T07:58:35","slug":"projecteur-hmi-filmgear-fresnel-4000w","status":"publish","type":"product","link":"https:\/\/indie.rent\/catalogue\/produit\/projecteur-hmi-filmgear-fresnel-4000w\/","title":{"rendered":"Projecteur HMI FILMGEAR Fresnel 4000W"},"content":{"rendered":"<p>Daylight Fresnel 4000W Filmgear<\/p>\n<p>Le bo\u00eetier du Daylight Fresnel 4000W est robuste et l\u00e9ger, tandis que la conception interne emp\u00eache les \u00e9claboussures. L&#8217;appareil est con\u00e7u pour une utilisation active dans les conditions difficiles de la production et r\u00e9siste aux intemp\u00e9ries. \u00c9quip\u00e9 d&#8217;un ventilateur silencieux et d&#8217;un gradateur int\u00e9gr\u00e9 (contr\u00f4le de gradation \u00e0 55%).<\/p>\n<p>Caract\u00e9ristiques principales :<br \/>&#8211; Puissance : 4000W,<br \/>&#8211; Temp\u00e9rature de couleur : 5600K,<br \/>&#8211; Plage de fonctionnement + 45\u00ba ~ 0\u00ba ~ -45\u00ba,<br \/>&#8211; Poids 24,3 kg,<br \/>&#8211; Lentille de Fresnel &#8211; \u00d8300mm.<\/p>\n","protected":false},"excerpt":{"rendered":"<p>Daylight Fresnel 4000W Filmgear Le bo\u00eetier du Daylight Fresnel 4000W est robuste et l\u00e9ger, tandis que la conception interne emp\u00eache les \u00e9claboussures. L&#8217;appareil est con\u00e7u pour une utilisation active dans les conditions difficiles de la production et r\u00e9siste aux intemp\u00e9ries. \u00c9quip\u00e9 d&#8217;un ventilateur silencieux et d&#8217;un gradateur int\u00e9gr\u00e9 (contr\u00f4le de gradation \u00e0 55%). Caract\u00e9ristiques principales [&hellip;]<\/p>\n","protected":false},"featured_media":2020,"template":"","meta":{"inline_featured_image":false},"product_brand":[],"product_cat":[2021],"product_tag":[],"class_list":{"0":"post-762","1":"product","2":"type-product","3":"status-publish","4":"has-post-thumbnail","6":"product_cat-hmi-non-high-speed","8":"first","9":"instock","10":"taxable","11":"shipping-taxable","12":"purchasable","13":"product-type-rentable"},"acf":[],"_links":{"self":[{"href":"https:\/\/indie.rent\/catalogue\/wp-json\/wp\/v2\/product\/762","targetHints":{"allow":["GET"]}}],"collection":[{"href":"https:\/\/indie.rent\/catalogue\/wp-json\/wp\/v2\/product"}],"about":[{"href":"https:\/\/indie.rent\/catalogue\/wp-json\/wp\/v2\/types\/product"}],"version-history":[{"count":0,"href":"https:\/\/indie.rent\/catalogue\/wp-json\/wp\/v2\/product\/762\/revisions"}],"wp:featuredmedia":[{"embeddable":true,"href":"https:\/\/indie.rent\/catalogue\/wp-json\/wp\/v2\/media\/2020"}],"wp:attachment":[{"href":"https:\/\/indie.rent\/catalogue\/wp-json\/wp\/v2\/media?parent=762"}],"wp:term":[{"taxonomy":"product_brand","embeddable":true,"href":"https:\/\/indie.rent\/catalogue\/wp-json\/wp\/v2\/product_brand?post=762"},{"taxonomy":"product_cat","embeddable":true,"href":"https:\/\/indie.rent\/catalogue\/wp-json\/wp\/v2\/product_cat?post=762"},{"taxonomy":"product_tag","embeddable":true,"href":"https:\/\/indie.rent\/catalogue\/wp-json\/wp\/v2\/product_tag?post=762"}],"curies":[{"name":"wp","href":"https:\/\/api.w.org\/{rel}","templated":true}]}}