{"id":760,"date":"2025-01-09T10:07:25","date_gmt":"2025-01-09T09:07:25","guid":{"rendered":"https:\/\/indie.rent\/catalogue\/produit\/m18-high-speed\/"},"modified":"2026-04-16T18:32:51","modified_gmt":"2026-04-16T16:32:51","slug":"projecteur-arri-m18-high-speed","status":"publish","type":"product","link":"https:\/\/indie.rent\/catalogue\/produit\/projecteur-arri-m18-high-speed\/","title":{"rendered":"Projecteur ARRI M18 High Speed"},"content":{"rendered":"<p>HMI M18 1800W<\/p>\n<p>Il est aussi petit qu&#8217;une t\u00eate de lampe PAR de 1200 W mais avec un rendement lumineux 70% plus \u00e9lev\u00e9. R\u00e9glable de 20 \u00b0 \u00e0 60 \u00b0, le M18 peut \u00e9galement \u00eatre utilis\u00e9 avec des lampes de 1200 W. Ce ballast de 1800 W peut fonctionner jusqu&#8217;\u00e0 4 puissances de lampe diff\u00e9rentes, et fonctionne sur les tensions d&#8217;alimentation du monde entier, ce qui en fait un kit tr\u00e8s flexible \u00e0 disposition. Portant le label de qualit\u00e9 T\u00dcV, il a la correction du facteur de puissance qui minimise la consommation de courant et permet une puissance de 1800 W. lampe \u00e0 alimenter \u00e0 partir d&#8217;un circuit am\u00e9ricain de 20 A. <\/p>\n<p>Caract\u00e9ristiques principales :<br \/>&#8211; Le refroidissement crois\u00e9 permet un fonctionnement s\u00fbr \u00e0 n&#8217;importe quel angle d&#8217;inclinaison,<br \/>&#8211; Puissance maximale de la lampe 1800W,<br \/>&#8211; Options de puissance de sortie 1,8 kW, 1,2 kW, 800 W, 575 W,<br \/>&#8211; Options de fr\u00e9quence de sortie 1000 Hz, 300 Hz, 100 Hz, mode silencieux,<br \/>&#8211; Dimensions : 658 x 388 x 393 mm.<\/p>\n<p>         Voir cette publication sur Instagram            Une publication partag\u00e9e par Indie Loc (@indie_la_location) le 19 Juin 2018 \u00e0 3 :08 PDT<\/p>\n","protected":false},"excerpt":{"rendered":"<p>HMI M18 1800W Il est aussi petit qu&#8217;une t\u00eate de lampe PAR de 1200 W mais avec un rendement lumineux 70% plus \u00e9lev\u00e9. R\u00e9glable de 20 \u00b0 \u00e0 60 \u00b0, le M18 peut \u00e9galement \u00eatre utilis\u00e9 avec des lampes de 1200 W. Ce ballast de 1800 W peut fonctionner jusqu&#8217;\u00e0 4 puissances de lampe diff\u00e9rentes, [&hellip;]<\/p>\n","protected":false},"featured_media":1899,"template":"","meta":{"inline_featured_image":false},"product_brand":[],"product_cat":[2020],"product_tag":[],"class_list":{"0":"post-760","1":"product","2":"type-product","3":"status-publish","4":"has-post-thumbnail","6":"product_cat-hmi-high-speed","8":"first","9":"instock","10":"taxable","11":"shipping-taxable","12":"purchasable","13":"product-type-rentable"},"acf":[],"_links":{"self":[{"href":"https:\/\/indie.rent\/catalogue\/wp-json\/wp\/v2\/product\/760","targetHints":{"allow":["GET"]}}],"collection":[{"href":"https:\/\/indie.rent\/catalogue\/wp-json\/wp\/v2\/product"}],"about":[{"href":"https:\/\/indie.rent\/catalogue\/wp-json\/wp\/v2\/types\/product"}],"version-history":[{"count":0,"href":"https:\/\/indie.rent\/catalogue\/wp-json\/wp\/v2\/product\/760\/revisions"}],"wp:featuredmedia":[{"embeddable":true,"href":"https:\/\/indie.rent\/catalogue\/wp-json\/wp\/v2\/media\/1899"}],"wp:attachment":[{"href":"https:\/\/indie.rent\/catalogue\/wp-json\/wp\/v2\/media?parent=760"}],"wp:term":[{"taxonomy":"product_brand","embeddable":true,"href":"https:\/\/indie.rent\/catalogue\/wp-json\/wp\/v2\/product_brand?post=760"},{"taxonomy":"product_cat","embeddable":true,"href":"https:\/\/indie.rent\/catalogue\/wp-json\/wp\/v2\/product_cat?post=760"},{"taxonomy":"product_tag","embeddable":true,"href":"https:\/\/indie.rent\/catalogue\/wp-json\/wp\/v2\/product_tag?post=760"}],"curies":[{"name":"wp","href":"https:\/\/api.w.org\/{rel}","templated":true}]}}